{"id":4337,"date":"2025-04-17T23:05:09","date_gmt":"2025-04-17T21:05:09","guid":{"rendered":"https:\/\/clonsuizo.es\/?post_type=product&#038;p=4337"},"modified":"2025-04-24T20:41:19","modified_gmt":"2025-04-24T18:41:19","slug":"rolex-submariner-gold-watches","status":"publish","type":"product","link":"https:\/\/clonsuizo.es\/?product=rolex-submariner-gold-watches","title":{"rendered":"Rolex Submariner Date Yellow Gold 41mm ref. 126618LN"},"content":{"rendered":"<h3 class=\"\" data-start=\"78\" data-end=\"195\"><strong data-start=\"82\" data-end=\"195\">Rolex Submariner Date Yellow Gold 41mm \u2013 Ref. 126618LN | Reloj R\u00e9plica Suiza 1:1 en Oro Amarillo de Alta Gama<\/strong><\/h3>\n<p class=\"\" data-start=\"197\" data-end=\"590\">El <strong data-start=\"200\" data-end=\"237\">Rolex Submariner Date Yellow Gold<\/strong>, referencia <strong data-start=\"250\" data-end=\"262\">126618LN<\/strong>, es la m\u00e1xima expresi\u00f3n de lujo dentro del mundo de los relojes de buceo. Esta versi\u00f3n completamente fabricada en <strong data-start=\"377\" data-end=\"400\">oro amarillo de 18k<\/strong> es sin\u00f3nimo de poder, exclusividad y elegancia atemporal. Esta r\u00e9plica suiza 1:1 ha sido elaborada con precisi\u00f3n para reproducir cada detalle del original, tanto visual como funcionalmente.<\/p>\n<p class=\"\" data-start=\"592\" data-end=\"913\"><strong data-start=\"595\" data-end=\"637\">Dise\u00f1o Dorado con Car\u00e1cter Profesional<\/strong> La <strong data-start=\"641\" data-end=\"667\">esfera negra brillante<\/strong> y el <strong data-start=\"673\" data-end=\"707\">bisel cer\u00e1mico negro Cerachrom<\/strong> crean un contraste visual impresionante con la caja y brazalete en oro. Su perfil robusto y su construcci\u00f3n s\u00f3lida lo convierten en una pieza de alto impacto, perfecta para quienes no pasan desapercibidos.<\/p>\n<hr class=\"\" data-start=\"915\" data-end=\"918\" \/>\n<h3 class=\"\" data-start=\"920\" data-end=\"953\"><strong data-start=\"924\" data-end=\"953\">Especificaciones T\u00e9cnicas<\/strong><\/h3>\n<ul data-start=\"954\" data-end=\"1509\">\n<li class=\"\" data-start=\"954\" data-end=\"995\">\n<p class=\"\" data-start=\"956\" data-end=\"995\"><strong data-start=\"956\" data-end=\"966\">Modelo<\/strong>: Submariner Date Full Gold<\/p>\n<\/li>\n<li class=\"\" data-start=\"996\" data-end=\"1024\">\n<p class=\"\" data-start=\"998\" data-end=\"1024\"><strong data-start=\"998\" data-end=\"1012\">Referencia<\/strong>: 126618LN<\/p>\n<\/li>\n<li class=\"\" data-start=\"1025\" data-end=\"1056\">\n<p class=\"\" data-start=\"1027\" data-end=\"1056\"><strong data-start=\"1027\" data-end=\"1047\">Di\u00e1metro de caja<\/strong>: 41 mm<\/p>\n<\/li>\n<li class=\"\" data-start=\"1057\" data-end=\"1105\">\n<p class=\"\" data-start=\"1059\" data-end=\"1105\"><strong data-start=\"1059\" data-end=\"1071\">Material<\/strong>: <strong data-start=\"1073\" data-end=\"1103\">Oro amarillo macizo de 18k<\/strong><\/p>\n<\/li>\n<li class=\"\" data-start=\"1106\" data-end=\"1160\">\n<p class=\"\" data-start=\"1108\" data-end=\"1160\"><strong data-start=\"1108\" data-end=\"1119\">Cristal<\/strong>: Zafiro antirreflejos con lupa Cyclops<\/p>\n<\/li>\n<li class=\"\" data-start=\"1161\" data-end=\"1234\">\n<p class=\"\" data-start=\"1163\" data-end=\"1234\"><strong data-start=\"1163\" data-end=\"1172\">Bisel<\/strong>: Cer\u00e1mica negra Cerachrom, unidireccional con grabado l\u00e1ser<\/p>\n<\/li>\n<li class=\"\" data-start=\"1235\" data-end=\"1289\">\n<p class=\"\" data-start=\"1237\" data-end=\"1289\"><strong data-start=\"1237\" data-end=\"1251\">Movimiento<\/strong>: Autom\u00e1tico Suizo clonado Cal. 3235<\/p>\n<\/li>\n<li class=\"\" data-start=\"1290\" data-end=\"1325\">\n<p class=\"\" data-start=\"1292\" data-end=\"1325\"><strong data-start=\"1292\" data-end=\"1313\">Reserva de marcha<\/strong>: 70 horas<\/p>\n<\/li>\n<li class=\"\" data-start=\"1326\" data-end=\"1390\">\n<p class=\"\" data-start=\"1328\" data-end=\"1390\"><strong data-start=\"1328\" data-end=\"1343\">Luminosidad<\/strong>: SuperLuminova blanca (brillo hasta 9 horas)<\/p>\n<\/li>\n<li class=\"\" data-start=\"1391\" data-end=\"1451\">\n<p class=\"\" data-start=\"1393\" data-end=\"1451\"><strong data-start=\"1393\" data-end=\"1404\">Pulsera<\/strong>: Oyster en oro amarillo con cierre Glidelock<\/p>\n<\/li>\n<li class=\"\" data-start=\"1452\" data-end=\"1509\">\n<p class=\"\" data-start=\"1454\" data-end=\"1509\"><strong data-start=\"1454\" data-end=\"1470\">Hermeticidad<\/strong>: 300 metros (testado profesionalmente)<\/p>\n<\/li>\n<\/ul>\n<hr class=\"\" data-start=\"1511\" data-end=\"1514\" \/>\n<h3 class=\"\" data-start=\"1516\" data-end=\"1582\">\u2705 R\u00e9plica 1:1 de Alta Precisi\u00f3n \u2013 Movimiento Clonado Funcional<\/h3>\n<p class=\"\" data-start=\"1583\" data-end=\"1848\">Cada componente ha sido fabricado con exactitud milim\u00e9trica. Esta r\u00e9plica incluye un <strong data-start=\"1668\" data-end=\"1717\">movimiento autom\u00e1tico suizo clonado Cal. 3235<\/strong> con fechador activo, rotor grabado y ajuste r\u00e1pido. El peso, tacto, brillo y proporciones son indistinguibles del modelo original.<\/p>\n<hr class=\"\" data-start=\"1850\" data-end=\"1853\" \/>\n<h3 class=\"\" data-start=\"1855\" data-end=\"1898\">\ud83d\ude80 Env\u00edo Internacional y Garant\u00eda Total<\/h3>\n<ul data-start=\"1899\" data-end=\"2071\">\n<li class=\"\" data-start=\"1899\" data-end=\"1940\">\n<p class=\"\" data-start=\"1901\" data-end=\"1940\">Env\u00edo asegurado con n\u00famero de rastreo<\/p>\n<\/li>\n<li class=\"\" data-start=\"1941\" data-end=\"1988\">\n<p class=\"\" data-start=\"1943\" data-end=\"1988\">Garant\u00eda de 30 d\u00edas por defectos de f\u00e1brica<\/p>\n<\/li>\n<li class=\"\" data-start=\"1989\" data-end=\"2031\">\n<p class=\"\" data-start=\"1991\" data-end=\"2031\">Atenci\u00f3n 24\/7 personalizada en espa\u00f1ol<\/p>\n<\/li>\n<li class=\"\" data-start=\"2032\" data-end=\"2071\">\n<p class=\"\" data-start=\"2034\" data-end=\"2071\">Pagos 100% seguros con protecci\u00f3n SSL<\/p>\n<\/li>\n<\/ul>\n<hr class=\"\" data-start=\"2073\" data-end=\"2076\" \/>\n<h3 class=\"\" data-start=\"2078\" data-end=\"2110\">\u00bfPor qu\u00e9 elegir este modelo?<\/h3>\n<p class=\"\" data-start=\"2111\" data-end=\"2288\">\u2714 Full Gold en oro amarillo 18k \u2013 r\u00e9plica exacta<br data-start=\"2159\" data-end=\"2162\" \/>\u2714 Movimiento autom\u00e1tico funcional suizo<br data-start=\"2201\" data-end=\"2204\" \/>\u2714 Construcci\u00f3n de alta relojer\u00eda profesional<br data-start=\"2248\" data-end=\"2251\" \/>\u2714 Un \u00edcono de poder, lujo y presencia<\/p>\n","protected":false},"excerpt":{"rendered":"<p>Rolex Submariner Date Yellow Gold 41mm \u2013 Ref. 126618LN | Reloj R\u00e9plica Suiza 1:1 en Oro Amarillo de Alta Gama El Rolex Submariner Date Yellow Gold, referencia 126618LN, es la m\u00e1xima expresi\u00f3n de lujo dentro del mundo de los relojes de buceo. Esta versi\u00f3n completamente fabricada en oro amarillo de 18k es sin\u00f3nimo de poder, [&hellip;]<\/p>\n","protected":false},"featured_media":4338,"template":"","meta":{"_acf_changed":false,"om_disable_all_campaigns":false,"_uag_custom_page_level_css":"","_monsterinsights_skip_tracking":false,"_monsterinsights_sitenote_active":false,"_monsterinsights_sitenote_note":"","_monsterinsights_sitenote_category":0,"site-sidebar-layout":"default","site-content-layout":"","ast-site-content-layout":"default","site-content-style":"default","site-sidebar-style":"default","ast-global-header-display":"","ast-banner-title-visibility":"","ast-main-header-display":"","ast-hfb-above-header-display":"","ast-hfb-below-header-display":"","ast-hfb-mobile-header-display":"","site-post-title":"","ast-breadcrumbs-content":"","ast-featured-img":"","footer-sml-layout":"","ast-disable-related-posts":"","theme-transparent-header-meta":"default","adv-header-id-meta":"","stick-header-meta":"","header-above-stick-meta":"","header-main-stick-meta":"","header-below-stick-meta":"","astra-migrate-meta-layouts":"set","ast-page-background-enabled":"default","ast-page-background-meta":{"desktop":{"background-color":"var(--ast-global-color-4)","background-image":"","background-repeat":"repeat","background-position":"center center","background-size":"auto","background-attachment":"scroll","background-type":"","background-media":"","overlay-type":"","overlay-color":"","overlay-opacity":"","overlay-gradient":""},"tablet":{"background-color":"","background-image":"","background-repeat":"repeat","background-position":"center center","background-size":"auto","background-attachment":"scroll","background-type":"","background-media":"","overlay-type":"","overlay-color":"","overlay-opacity":"","overlay-gradient":""},"mobile":{"background-color":"","background-image":"","background-repeat":"repeat","background-position":"center center","background-size":"auto","background-attachment":"scroll","background-type":"","background-media":"","overlay-type":"","overlay-color":"","overlay-opacity":"","overlay-gradient":""}},"ast-content-background-meta":{"desktop":{"background-color":"var(--ast-global-color-5)","background-image":"","background-repeat":"repeat","background-position":"center center","background-size":"auto","background-attachment":"scroll","background-type":"","background-media":"","overlay-type":"","overlay-color":"","overlay-opacity":"","overlay-gradient":""},"tablet":{"background-color":"var(--ast-global-color-5)","background-image":"","background-repeat":"repeat","background-position":"center center","background-size":"auto","background-attachment":"scroll","background-type":"","background-media":"","overlay-type":"","overlay-color":"","overlay-opacity":"","overlay-gradient":""},"mobile":{"background-color":"var(--ast-global-color-5)","background-image":"","background-repeat":"repeat","background-position":"center center","background-size":"auto","background-attachment":"scroll","background-type":"","background-media":"","overlay-type":"","overlay-color":"","overlay-opacity":"","overlay-gradient":""}}},"product_brand":[],"product_cat":[35],"product_tag":[],"class_list":{"0":"post-4337","1":"product","2":"type-product","3":"status-publish","4":"has-post-thumbnail","6":"product_cat-audemars-piguet","7":"desktop-align-left","8":"tablet-align-left","9":"mobile-align-left","11":"first","12":"instock","13":"shipping-taxable","14":"purchasable","15":"product-type-variable"},"acf":[],"aioseo_notices":[],"uagb_featured_image_src":{"full":["https:\/\/clonsuizo.es\/wp-content\/uploads\/2025\/04\/Rolex-GMT-Master-II-gold-jubilee-94.png",1030,1030,false],"thumbnail":["https:\/\/clonsuizo.es\/wp-content\/uploads\/2025\/04\/Rolex-GMT-Master-II-gold-jubilee-94-150x150.png",150,150,true],"medium":["https:\/\/clonsuizo.es\/wp-content\/uploads\/2025\/04\/Rolex-GMT-Master-II-gold-jubilee-94-300x300.png",300,300,true],"medium_large":["https:\/\/clonsuizo.es\/wp-content\/uploads\/2025\/04\/Rolex-GMT-Master-II-gold-jubilee-94-768x768.png",768,768,true],"large":["https:\/\/clonsuizo.es\/wp-content\/uploads\/2025\/04\/Rolex-GMT-Master-II-gold-jubilee-94-1024x1024.png",1024,1024,true],"1536x1536":["https:\/\/clonsuizo.es\/wp-content\/uploads\/2025\/04\/Rolex-GMT-Master-II-gold-jubilee-94.png",1030,1030,false],"2048x2048":["https:\/\/clonsuizo.es\/wp-content\/uploads\/2025\/04\/Rolex-GMT-Master-II-gold-jubilee-94.png",1030,1030,false],"mailpoet_newsletter_max":["https:\/\/clonsuizo.es\/wp-content\/uploads\/2025\/04\/Rolex-GMT-Master-II-gold-jubilee-94.png",1030,1030,false],"woocommerce_thumbnail":["https:\/\/clonsuizo.es\/wp-content\/uploads\/2025\/04\/Rolex-GMT-Master-II-gold-jubilee-94-420x420.png",420,420,true],"woocommerce_single":["https:\/\/clonsuizo.es\/wp-content\/uploads\/2025\/04\/Rolex-GMT-Master-II-gold-jubilee-94-380x380.png",380,380,true],"woocommerce_gallery_thumbnail":["https:\/\/clonsuizo.es\/wp-content\/uploads\/2025\/04\/Rolex-GMT-Master-II-gold-jubilee-94-100x100.png",100,100,true],"variation_swatches_image_size":["https:\/\/clonsuizo.es\/wp-content\/uploads\/2025\/04\/Rolex-GMT-Master-II-gold-jubilee-94-50x50.png",50,50,true],"variation_swatches_tooltip_size":["https:\/\/clonsuizo.es\/wp-content\/uploads\/2025\/04\/Rolex-GMT-Master-II-gold-jubilee-94-100x100.png",100,100,true]},"uagb_author_info":{"display_name":"Jose SoGay","author_link":"https:\/\/clonsuizo.es\/?author=0"},"uagb_comment_info":0,"uagb_excerpt":"Rolex Submariner Date Yellow Gold 41mm \u2013 Ref. 126618LN | Reloj R\u00e9plica Suiza 1:1 en Oro Amarillo de Alta Gama El Rolex Submariner Date Yellow Gold, referencia 126618LN, es la m\u00e1xima expresi\u00f3n de lujo dentro del mundo de los relojes de buceo. Esta versi\u00f3n completamente fabricada en oro amarillo de 18k es sin\u00f3nimo de poder,&hellip;","_links":{"self":[{"href":"https:\/\/clonsuizo.es\/index.php?rest_route=\/wp\/v2\/product\/4337"}],"collection":[{"href":"https:\/\/clonsuizo.es\/index.php?rest_route=\/wp\/v2\/product"}],"about":[{"href":"https:\/\/clonsuizo.es\/index.php?rest_route=\/wp\/v2\/types\/product"}],"version-history":[{"count":3,"href":"https:\/\/clonsuizo.es\/index.php?rest_route=\/wp\/v2\/product\/4337\/revisions"}],"predecessor-version":[{"id":4811,"href":"https:\/\/clonsuizo.es\/index.php?rest_route=\/wp\/v2\/product\/4337\/revisions\/4811"}],"wp:featuredmedia":[{"embeddable":true,"href":"https:\/\/clonsuizo.es\/index.php?rest_route=\/wp\/v2\/media\/4338"}],"wp:attachment":[{"href":"https:\/\/clonsuizo.es\/index.php?rest_route=%2Fwp%2Fv2%2Fmedia&parent=4337"}],"wp:term":[{"taxonomy":"product_brand","embeddable":true,"href":"https:\/\/clonsuizo.es\/index.php?rest_route=%2Fwp%2Fv2%2Fproduct_brand&post=4337"},{"taxonomy":"product_cat","embeddable":true,"href":"https:\/\/clonsuizo.es\/index.php?rest_route=%2Fwp%2Fv2%2Fproduct_cat&post=4337"},{"taxonomy":"product_tag","embeddable":true,"href":"https:\/\/clonsuizo.es\/index.php?rest_route=%2Fwp%2Fv2%2Fproduct_tag&post=4337"}],"curies":[{"name":"wp","href":"https:\/\/api.w.org\/{rel}","templated":true}]}}