{"id":4729,"date":"2025-04-22T19:54:08","date_gmt":"2025-04-22T17:54:08","guid":{"rendered":"https:\/\/clonsuizo.es\/?post_type=product&#038;p=4729"},"modified":"2025-04-24T22:27:06","modified_gmt":"2025-04-24T20:27:06","slug":"rolex-yacht-master-40-rhodium-dial-40mm-ref-126622","status":"publish","type":"product","link":"https:\/\/clonsuizo.es\/?product=rolex-yacht-master-40-rhodium-dial-40mm-ref-126622","title":{"rendered":"Rolex Yacht-Master 40 Rhodium Dial 40mm ref. 126622"},"content":{"rendered":"<h3 class=\"\" data-start=\"183\" data-end=\"317\"><strong data-start=\"187\" data-end=\"317\">Rolex Yacht-Master 40 Rhodium Dial \u2013 Ref. 126622 | Reloj N\u00e1utico R\u00e9plica Suiza 1:1 en Rolesium (Acero 904L + Bisel en Platino)<\/strong><\/h3>\n<p class=\"\" data-start=\"319\" data-end=\"832\">El <strong data-start=\"322\" data-end=\"366\">Rolex Yacht-Master 40 con esfera Rhodium<\/strong>, referencia <strong data-start=\"379\" data-end=\"389\">126622<\/strong>, es la definici\u00f3n perfecta de <strong data-start=\"420\" data-end=\"443\">elegancia deportiva<\/strong>. Este modelo destaca por su exclusiva combinaci\u00f3n de <strong data-start=\"497\" data-end=\"522\">acero inoxidable 904L<\/strong> con <strong data-start=\"527\" data-end=\"551\">bisel en platino 950<\/strong>, conocido como <strong data-start=\"567\" data-end=\"579\">Rolesium<\/strong>, y una hermosa <strong data-start=\"595\" data-end=\"616\">esfera gris rodio<\/strong> con detalles en <strong data-start=\"633\" data-end=\"649\">azul celeste<\/strong>, que reflejan perfectamente su inspiraci\u00f3n n\u00e1utica. Esta r\u00e9plica suiza 1:1 ha sido creada con fidelidad absoluta, replicando todos los acabados y funcionalidades del modelo original.<\/p>\n<p class=\"\" data-start=\"834\" data-end=\"1234\"><strong data-start=\"836\" data-end=\"892\">Dise\u00f1o Sobrio y Sofisticado para los Amantes del Mar<\/strong> El <strong data-start=\"896\" data-end=\"922\">dial gris rodio soleil<\/strong> presenta un sutil efecto met\u00e1lico que cambia con la luz, mientras que el <strong data-start=\"996\" data-end=\"1022\">segundero azul celeste<\/strong> y el texto \u00abYacht-Master\u00bb a\u00f1aden un contraste moderno. Combinado con el <strong data-start=\"1095\" data-end=\"1151\">bisel giratorio de platino con numeraci\u00f3n en relieve<\/strong>, esta pieza es perfecta tanto para entornos n\u00e1uticos como para ocasiones formales.<\/p>\n<hr class=\"\" data-start=\"1236\" data-end=\"1239\" \/>\n<h3 class=\"\" data-start=\"1241\" data-end=\"1274\"><strong data-start=\"1245\" data-end=\"1274\">Especificaciones T\u00e9cnicas<\/strong><\/h3>\n<ul data-start=\"1275\" data-end=\"1919\">\n<li class=\"\" data-start=\"1275\" data-end=\"1319\">\n<p class=\"\" data-start=\"1277\" data-end=\"1319\"><strong data-start=\"1277\" data-end=\"1287\">Modelo<\/strong>: Yacht-Master 40 Rhodium Dial<\/p>\n<\/li>\n<li class=\"\" data-start=\"1320\" data-end=\"1346\">\n<p class=\"\" data-start=\"1322\" data-end=\"1346\"><strong data-start=\"1322\" data-end=\"1336\">Referencia<\/strong>: 126622<\/p>\n<\/li>\n<li class=\"\" data-start=\"1347\" data-end=\"1378\">\n<p class=\"\" data-start=\"1349\" data-end=\"1378\"><strong data-start=\"1349\" data-end=\"1369\">Di\u00e1metro de caja<\/strong>: 40 mm<\/p>\n<\/li>\n<li class=\"\" data-start=\"1379\" data-end=\"1452\">\n<p class=\"\" data-start=\"1381\" data-end=\"1452\"><strong data-start=\"1381\" data-end=\"1393\">Material<\/strong>: Rolesium (acero inoxidable 904L + bisel de platino 950)<\/p>\n<\/li>\n<li class=\"\" data-start=\"1453\" data-end=\"1508\">\n<p class=\"\" data-start=\"1455\" data-end=\"1508\"><strong data-start=\"1455\" data-end=\"1466\">Cristal<\/strong>: Zafiro antirreflejos con lente Cyclops<\/p>\n<\/li>\n<li class=\"\" data-start=\"1509\" data-end=\"1584\">\n<p class=\"\" data-start=\"1511\" data-end=\"1584\"><strong data-start=\"1511\" data-end=\"1520\">Bisel<\/strong>: Giratorio bidireccional en platino con numeraci\u00f3n en relieve<\/p>\n<\/li>\n<li class=\"\" data-start=\"1585\" data-end=\"1659\">\n<p class=\"\" data-start=\"1587\" data-end=\"1659\"><strong data-start=\"1587\" data-end=\"1595\">Dial<\/strong>: Rodio (gris soleil) con segundero y detalles en azul celeste<\/p>\n<\/li>\n<li class=\"\" data-start=\"1660\" data-end=\"1714\">\n<p class=\"\" data-start=\"1662\" data-end=\"1714\"><strong data-start=\"1662\" data-end=\"1676\">Movimiento<\/strong>: Autom\u00e1tico Suizo clonado Cal. 3235<\/p>\n<\/li>\n<li class=\"\" data-start=\"1715\" data-end=\"1750\">\n<p class=\"\" data-start=\"1717\" data-end=\"1750\"><strong data-start=\"1717\" data-end=\"1738\">Reserva de marcha<\/strong>: 70 horas<\/p>\n<\/li>\n<li class=\"\" data-start=\"1751\" data-end=\"1812\">\n<p class=\"\" data-start=\"1753\" data-end=\"1812\"><strong data-start=\"1753\" data-end=\"1766\">Funciones<\/strong>: Horas, minutos, segundos y fecha funcional<\/p>\n<\/li>\n<li class=\"\" data-start=\"1813\" data-end=\"1888\">\n<p class=\"\" data-start=\"1815\" data-end=\"1888\"><strong data-start=\"1815\" data-end=\"1826\">Pulsera<\/strong>: Oyster en acero con cierre Oysterlock y extensi\u00f3n Easylink<\/p>\n<\/li>\n<li class=\"\" data-start=\"1889\" data-end=\"1919\">\n<p class=\"\" data-start=\"1891\" data-end=\"1919\"><strong data-start=\"1891\" data-end=\"1907\">Hermeticidad<\/strong>: 100 metros<\/p>\n<\/li>\n<\/ul>\n<hr class=\"\" data-start=\"1921\" data-end=\"1924\" \/>\n<h3 class=\"\" data-start=\"1926\" data-end=\"1988\">\u2705 R\u00e9plica Suiza 1:1 \u2013 Precisi\u00f3n N\u00e1utica y Est\u00e9tica de Lujo<\/h3>\n<p class=\"\" data-start=\"1989\" data-end=\"2270\">Esta r\u00e9plica reproduce a la perfecci\u00f3n el tono del dial rodio, el acabado del platino en el bisel, el contraste con el azul celeste y todos los grabados y proporciones originales. El calibre clonado <strong data-start=\"2188\" data-end=\"2196\">3235<\/strong> incluye funci\u00f3n de fecha, rotor grabado y un desempe\u00f1o suave y confiable.<\/p>\n<hr class=\"\" data-start=\"2272\" data-end=\"2275\" \/>\n<h3 class=\"\" data-start=\"2277\" data-end=\"2314\">\ud83d\ude80 Env\u00edo Premium + Garant\u00eda Total<\/h3>\n<ul data-start=\"2315\" data-end=\"2470\">\n<li class=\"\" data-start=\"2315\" data-end=\"2350\">\n<p class=\"\" data-start=\"2317\" data-end=\"2350\">Env\u00edo internacional con rastreo<\/p>\n<\/li>\n<li class=\"\" data-start=\"2351\" data-end=\"2401\">\n<p class=\"\" data-start=\"2353\" data-end=\"2401\">Garant\u00eda de devoluci\u00f3n de 30 d\u00edas por defectos<\/p>\n<\/li>\n<li class=\"\" data-start=\"2402\" data-end=\"2430\">\n<p class=\"\" data-start=\"2404\" data-end=\"2430\">Atenci\u00f3n 24\/7 en espa\u00f1ol<\/p>\n<\/li>\n<li class=\"\" data-start=\"2431\" data-end=\"2470\">\n<p class=\"\" data-start=\"2433\" data-end=\"2470\">Pagos protegidos mediante cifrado SSL<\/p>\n<\/li>\n<\/ul>\n<hr class=\"\" data-start=\"2472\" data-end=\"2475\" \/>\n<h3 class=\"\" data-start=\"2477\" data-end=\"2528\">\u00bfPor qu\u00e9 elegir el Yacht-Master 126622 Rhodium?<\/h3>\n<p class=\"\" data-start=\"2529\" data-end=\"2713\">\u2714 Look n\u00e1utico elegante y sobrio<br data-start=\"2561\" data-end=\"2564\" \/>\u2714 Movimiento suizo clonado 1:1 con fecha funcional<br data-start=\"2614\" data-end=\"2617\" \/>\u2714 Materiales de lujo: acero 904L + platino<br data-start=\"2659\" data-end=\"2662\" \/>\u2714 R\u00e9plica de alta gama con presencia y versatilidad<\/p>\n","protected":false},"excerpt":{"rendered":"<p>Rolex Yacht-Master 40 Rhodium Dial \u2013 Ref. 126622 | Reloj N\u00e1utico R\u00e9plica Suiza 1:1 en Rolesium (Acero 904L + Bisel en Platino) El Rolex Yacht-Master 40 con esfera Rhodium, referencia 126622, es la definici\u00f3n perfecta de elegancia deportiva. Este modelo destaca por su exclusiva combinaci\u00f3n de acero inoxidable 904L con bisel en platino 950, conocido [&hellip;]<\/p>\n","protected":false},"featured_media":4730,"template":"","meta":{"_acf_changed":false,"om_disable_all_campaigns":false,"_uag_custom_page_level_css":"","_monsterinsights_skip_tracking":false,"_monsterinsights_sitenote_active":false,"_monsterinsights_sitenote_note":"","_monsterinsights_sitenote_category":0,"site-sidebar-layout":"default","site-content-layout":"","ast-site-content-layout":"default","site-content-style":"default","site-sidebar-style":"default","ast-global-header-display":"","ast-banner-title-visibility":"","ast-main-header-display":"","ast-hfb-above-header-display":"","ast-hfb-below-header-display":"","ast-hfb-mobile-header-display":"","site-post-title":"","ast-breadcrumbs-content":"","ast-featured-img":"","footer-sml-layout":"","ast-disable-related-posts":"","theme-transparent-header-meta":"default","adv-header-id-meta":"","stick-header-meta":"","header-above-stick-meta":"","header-main-stick-meta":"","header-below-stick-meta":"","astra-migrate-meta-layouts":"set","ast-page-background-enabled":"default","ast-page-background-meta":{"desktop":{"background-color":"var(--ast-global-color-4)","background-image":"","background-repeat":"repeat","background-position":"center center","background-size":"auto","background-attachment":"scroll","background-type":"","background-media":"","overlay-type":"","overlay-color":"","overlay-opacity":"","overlay-gradient":""},"tablet":{"background-color":"","background-image":"","background-repeat":"repeat","background-position":"center center","background-size":"auto","background-attachment":"scroll","background-type":"","background-media":"","overlay-type":"","overlay-color":"","overlay-opacity":"","overlay-gradient":""},"mobile":{"background-color":"","background-image":"","background-repeat":"repeat","background-position":"center center","background-size":"auto","background-attachment":"scroll","background-type":"","background-media":"","overlay-type":"","overlay-color":"","overlay-opacity":"","overlay-gradient":""}},"ast-content-background-meta":{"desktop":{"background-color":"var(--ast-global-color-5)","background-image":"","background-repeat":"repeat","background-position":"center center","background-size":"auto","background-attachment":"scroll","background-type":"","background-media":"","overlay-type":"","overlay-color":"","overlay-opacity":"","overlay-gradient":""},"tablet":{"background-color":"var(--ast-global-color-5)","background-image":"","background-repeat":"repeat","background-position":"center center","background-size":"auto","background-attachment":"scroll","background-type":"","background-media":"","overlay-type":"","overlay-color":"","overlay-opacity":"","overlay-gradient":""},"mobile":{"background-color":"var(--ast-global-color-5)","background-image":"","background-repeat":"repeat","background-position":"center center","background-size":"auto","background-attachment":"scroll","background-type":"","background-media":"","overlay-type":"","overlay-color":"","overlay-opacity":"","overlay-gradient":""}}},"product_brand":[],"product_cat":[35],"product_tag":[],"class_list":{"0":"post-4729","1":"product","2":"type-product","3":"status-publish","4":"has-post-thumbnail","6":"product_cat-audemars-piguet","7":"desktop-align-left","8":"tablet-align-left","9":"mobile-align-left","11":"first","12":"instock","13":"shipping-taxable","14":"purchasable","15":"product-type-variable"},"acf":[],"aioseo_notices":[],"uagb_featured_image_src":{"full":["https:\/\/clonsuizo.es\/wp-content\/uploads\/2025\/04\/Rolex-GMT-Master-II-gold-jubilee-2025-04-22T124924.520.png",1030,1030,false],"thumbnail":["https:\/\/clonsuizo.es\/wp-content\/uploads\/2025\/04\/Rolex-GMT-Master-II-gold-jubilee-2025-04-22T124924.520-150x150.png",150,150,true],"medium":["https:\/\/clonsuizo.es\/wp-content\/uploads\/2025\/04\/Rolex-GMT-Master-II-gold-jubilee-2025-04-22T124924.520-300x300.png",300,300,true],"medium_large":["https:\/\/clonsuizo.es\/wp-content\/uploads\/2025\/04\/Rolex-GMT-Master-II-gold-jubilee-2025-04-22T124924.520-768x768.png",768,768,true],"large":["https:\/\/clonsuizo.es\/wp-content\/uploads\/2025\/04\/Rolex-GMT-Master-II-gold-jubilee-2025-04-22T124924.520-1024x1024.png",1024,1024,true],"1536x1536":["https:\/\/clonsuizo.es\/wp-content\/uploads\/2025\/04\/Rolex-GMT-Master-II-gold-jubilee-2025-04-22T124924.520.png",1030,1030,false],"2048x2048":["https:\/\/clonsuizo.es\/wp-content\/uploads\/2025\/04\/Rolex-GMT-Master-II-gold-jubilee-2025-04-22T124924.520.png",1030,1030,false],"mailpoet_newsletter_max":["https:\/\/clonsuizo.es\/wp-content\/uploads\/2025\/04\/Rolex-GMT-Master-II-gold-jubilee-2025-04-22T124924.520.png",1030,1030,false],"woocommerce_thumbnail":["https:\/\/clonsuizo.es\/wp-content\/uploads\/2025\/04\/Rolex-GMT-Master-II-gold-jubilee-2025-04-22T124924.520-420x420.png",420,420,true],"woocommerce_single":["https:\/\/clonsuizo.es\/wp-content\/uploads\/2025\/04\/Rolex-GMT-Master-II-gold-jubilee-2025-04-22T124924.520-380x380.png",380,380,true],"woocommerce_gallery_thumbnail":["https:\/\/clonsuizo.es\/wp-content\/uploads\/2025\/04\/Rolex-GMT-Master-II-gold-jubilee-2025-04-22T124924.520-100x100.png",100,100,true],"variation_swatches_image_size":["https:\/\/clonsuizo.es\/wp-content\/uploads\/2025\/04\/Rolex-GMT-Master-II-gold-jubilee-2025-04-22T124924.520-50x50.png",50,50,true],"variation_swatches_tooltip_size":["https:\/\/clonsuizo.es\/wp-content\/uploads\/2025\/04\/Rolex-GMT-Master-II-gold-jubilee-2025-04-22T124924.520-100x100.png",100,100,true]},"uagb_author_info":{"display_name":"Jose SoGay","author_link":"https:\/\/clonsuizo.es\/?author=0"},"uagb_comment_info":0,"uagb_excerpt":"Rolex Yacht-Master 40 Rhodium Dial \u2013 Ref. 126622 | Reloj N\u00e1utico R\u00e9plica Suiza 1:1 en Rolesium (Acero 904L + Bisel en Platino) El Rolex Yacht-Master 40 con esfera Rhodium, referencia 126622, es la definici\u00f3n perfecta de elegancia deportiva. Este modelo destaca por su exclusiva combinaci\u00f3n de acero inoxidable 904L con bisel en platino 950, conocido&hellip;","_links":{"self":[{"href":"https:\/\/clonsuizo.es\/index.php?rest_route=\/wp\/v2\/product\/4729"}],"collection":[{"href":"https:\/\/clonsuizo.es\/index.php?rest_route=\/wp\/v2\/product"}],"about":[{"href":"https:\/\/clonsuizo.es\/index.php?rest_route=\/wp\/v2\/types\/product"}],"version-history":[{"count":2,"href":"https:\/\/clonsuizo.es\/index.php?rest_route=\/wp\/v2\/product\/4729\/revisions"}],"predecessor-version":[{"id":4852,"href":"https:\/\/clonsuizo.es\/index.php?rest_route=\/wp\/v2\/product\/4729\/revisions\/4852"}],"wp:featuredmedia":[{"embeddable":true,"href":"https:\/\/clonsuizo.es\/index.php?rest_route=\/wp\/v2\/media\/4730"}],"wp:attachment":[{"href":"https:\/\/clonsuizo.es\/index.php?rest_route=%2Fwp%2Fv2%2Fmedia&parent=4729"}],"wp:term":[{"taxonomy":"product_brand","embeddable":true,"href":"https:\/\/clonsuizo.es\/index.php?rest_route=%2Fwp%2Fv2%2Fproduct_brand&post=4729"},{"taxonomy":"product_cat","embeddable":true,"href":"https:\/\/clonsuizo.es\/index.php?rest_route=%2Fwp%2Fv2%2Fproduct_cat&post=4729"},{"taxonomy":"product_tag","embeddable":true,"href":"https:\/\/clonsuizo.es\/index.php?rest_route=%2Fwp%2Fv2%2Fproduct_tag&post=4729"}],"curies":[{"name":"wp","href":"https:\/\/api.w.org\/{rel}","templated":true}]}}