{"id":4934,"date":"2025-05-05T07:27:59","date_gmt":"2025-05-05T05:27:59","guid":{"rendered":"https:\/\/clonsuizo.es\/?post_type=product&#038;p=4934"},"modified":"2025-05-14T01:26:55","modified_gmt":"2025-05-13T23:26:55","slug":"patek-philippe-aquanaut-chronograph-azul-42-2mm-ref-5968a-custom","status":"publish","type":"product","link":"https:\/\/clonsuizo.es\/?product=patek-philippe-aquanaut-chronograph-azul-42-2mm-ref-5968a-custom","title":{"rendered":"Patek Philippe Aquanaut Chronograph Azul 42.2mm \u2013 Ref. 5968A Custom"},"content":{"rendered":"<h3 class=\"\" data-start=\"389\" data-end=\"524\">Patek Philippe Aquanaut Chronograph Azul 42.2mm \u2013 Ref. 5968A Custom | Reloj Deportivo R\u00e9plica Suiza 1:1 con Correa y Esfera Azul<\/h3>\n<p class=\"\" data-start=\"526\" data-end=\"825\">Esta r\u00e9plica personalizada del <strong data-start=\"557\" data-end=\"590\">Patek Philippe Aquanaut 5968A<\/strong> lleva la deportividad a un nuevo nivel con su vibrante <strong data-start=\"646\" data-end=\"678\">esfera azul y correa a juego<\/strong>. Es un modelo que mezcla precisi\u00f3n t\u00e9cnica con est\u00e9tica llamativa, ideal para quienes desean un reloj funcional y estilizado con un toque n\u00e1utico.<\/p>\n<p class=\"\" data-start=\"827\" data-end=\"1117\"><strong data-start=\"830\" data-end=\"873\">Dise\u00f1o Deportivo de Alto Impacto Visual<\/strong><br \/>\nLa esfera azul con textura de cuadr\u00edcula, subdial naranja a las 6 y marcadores blancos proporciona una excelente legibilidad y est\u00e9tica fresca. La correa azul completa el look veraniego, n\u00e1utico y moderno que distingue a esta edici\u00f3n especial.<\/p>\n<hr class=\"\" data-start=\"1119\" data-end=\"1122\" \/>\n<h3 class=\"\" data-start=\"1124\" data-end=\"1153\">Especificaciones T\u00e9cnicas<\/h3>\n<ul data-start=\"1155\" data-end=\"1728\">\n<li class=\"\" data-start=\"1155\" data-end=\"1203\">\n<p class=\"\" data-start=\"1157\" data-end=\"1203\"><strong data-start=\"1157\" data-end=\"1168\">Modelo:<\/strong> Aquanaut Chronograph Azul 42.2mm<\/p>\n<\/li>\n<li class=\"\" data-start=\"1204\" data-end=\"1236\">\n<p class=\"\" data-start=\"1206\" data-end=\"1236\"><strong data-start=\"1206\" data-end=\"1221\">Referencia:<\/strong> 5968A Custom<\/p>\n<\/li>\n<li class=\"\" data-start=\"1237\" data-end=\"1270\">\n<p class=\"\" data-start=\"1239\" data-end=\"1270\"><strong data-start=\"1239\" data-end=\"1260\">Di\u00e1metro de caja:<\/strong> 42.2 mm<\/p>\n<\/li>\n<li class=\"\" data-start=\"1271\" data-end=\"1310\">\n<p class=\"\" data-start=\"1273\" data-end=\"1310\"><strong data-start=\"1273\" data-end=\"1286\">Material:<\/strong> Acero inoxidable 316L<\/p>\n<\/li>\n<li class=\"\" data-start=\"1311\" data-end=\"1355\">\n<p class=\"\" data-start=\"1313\" data-end=\"1355\"><strong data-start=\"1313\" data-end=\"1325\">Cristal:<\/strong> Zafiro resistente a rayones<\/p>\n<\/li>\n<li class=\"\" data-start=\"1356\" data-end=\"1412\">\n<p class=\"\" data-start=\"1358\" data-end=\"1412\"><strong data-start=\"1358\" data-end=\"1368\">Bisel:<\/strong> Octogonal redondeado con acabado satinado<\/p>\n<\/li>\n<li class=\"\" data-start=\"1413\" data-end=\"1491\">\n<p class=\"\" data-start=\"1415\" data-end=\"1491\"><strong data-start=\"1415\" data-end=\"1424\">Dial:<\/strong> Azul con patr\u00f3n cuadriculado, subdial naranja y detalles blancos<\/p>\n<\/li>\n<li class=\"\" data-start=\"1492\" data-end=\"1561\">\n<p class=\"\" data-start=\"1494\" data-end=\"1561\"><strong data-start=\"1494\" data-end=\"1509\">Movimiento:<\/strong> Autom\u00e1tico Suizo clonado con cron\u00f3grafo funcional<\/p>\n<\/li>\n<li class=\"\" data-start=\"1562\" data-end=\"1632\">\n<p class=\"\" data-start=\"1564\" data-end=\"1632\"><strong data-start=\"1564\" data-end=\"1578\">Funciones:<\/strong> Horas, minutos, segundos, cron\u00f3grafo flyback, fecha<\/p>\n<\/li>\n<li class=\"\" data-start=\"1633\" data-end=\"1695\">\n<p class=\"\" data-start=\"1635\" data-end=\"1695\"><strong data-start=\"1635\" data-end=\"1647\">Pulsera:<\/strong> Caucho azul \u201cTropical\u201d con cierre desplegable<\/p>\n<\/li>\n<li class=\"\" data-start=\"1696\" data-end=\"1728\">\n<p class=\"\" data-start=\"1698\" data-end=\"1728\"><strong data-start=\"1698\" data-end=\"1715\">Hermeticidad:<\/strong> 120 metros<\/p>\n<\/li>\n<\/ul>\n<hr class=\"\" data-start=\"1730\" data-end=\"1733\" \/>\n<p class=\"\" data-start=\"1735\" data-end=\"1992\">\u2705 <strong data-start=\"1737\" data-end=\"1794\">R\u00e9plica Suiza 1:1 \u2013 Precisi\u00f3n, Estilo y Funcionalidad<\/strong><br \/>\nEsta r\u00e9plica personalizada ofrece todos los elementos del modelo original con una personalizaci\u00f3n vibrante. El cron\u00f3grafo funcional y el color azul hacen que destaque tanto en playa como en ciudad.<\/p>\n<hr class=\"\" data-start=\"1994\" data-end=\"1997\" \/>\n<p class=\"\" data-start=\"1999\" data-end=\"2045\">\ud83d\ude9a <strong data-start=\"2002\" data-end=\"2045\">Compra Segura con Garant\u00eda y Asistencia<\/strong><\/p>\n<ul data-start=\"2047\" data-end=\"2216\">\n<li class=\"\" data-start=\"2047\" data-end=\"2097\">\n<p class=\"\" data-start=\"2049\" data-end=\"2097\">Env\u00edo nacional e internacional con seguimiento<\/p>\n<\/li>\n<li class=\"\" data-start=\"2098\" data-end=\"2138\">\n<p class=\"\" data-start=\"2100\" data-end=\"2138\">Garant\u00eda de satisfacci\u00f3n por 30 d\u00edas<\/p>\n<\/li>\n<li class=\"\" data-start=\"2139\" data-end=\"2176\">\n<p class=\"\" data-start=\"2141\" data-end=\"2176\">Atenci\u00f3n personalizada en espa\u00f1ol<\/p>\n<\/li>\n<li class=\"\" data-start=\"2177\" data-end=\"2216\">\n<p class=\"\" data-start=\"2179\" data-end=\"2216\">Sistema de pago cifrado y confiable<\/p>\n<\/li>\n<\/ul>\n<hr class=\"\" data-start=\"2218\" data-end=\"2221\" \/>\n<h3 class=\"\" data-start=\"2223\" data-end=\"2272\">\u00bfPor qu\u00e9 elegir el Aquanaut Chronograph Azul?<\/h3>\n<p class=\"\" data-start=\"2273\" data-end=\"2508\">\u2714 Est\u00e9tica n\u00e1utica moderna y deportiva<br data-start=\"2311\" data-end=\"2314\" \/>\u2714 Movimiento cron\u00f3grafo funcional de alta gama<br data-start=\"2360\" data-end=\"2363\" \/>\u2714 Correa de caucho azul c\u00f3moda y elegante<br data-start=\"2404\" data-end=\"2407\" \/>\u2714 R\u00e9plica exacta 1:1 con personalizaci\u00f3n \u00fanica<br data-start=\"2453\" data-end=\"2456\" \/>\u2714 Ideal para quienes buscan destacar con elegancia<\/p>\n","protected":false},"excerpt":{"rendered":"<p>Patek Philippe Aquanaut Chronograph Azul 42.2mm \u2013 Ref. 5968A Custom | Reloj Deportivo R\u00e9plica Suiza 1:1 con Correa y Esfera Azul Esta r\u00e9plica personalizada del Patek Philippe Aquanaut 5968A lleva la deportividad a un nuevo nivel con su vibrante esfera azul y correa a juego. Es un modelo que mezcla precisi\u00f3n t\u00e9cnica con est\u00e9tica llamativa, [&hellip;]<\/p>\n","protected":false},"featured_media":4931,"template":"","meta":{"_acf_changed":false,"om_disable_all_campaigns":false,"_uag_custom_page_level_css":"","_monsterinsights_skip_tracking":false,"_monsterinsights_sitenote_active":false,"_monsterinsights_sitenote_note":"","_monsterinsights_sitenote_category":0,"site-sidebar-layout":"default","site-content-layout":"","ast-site-content-layout":"default","site-content-style":"default","site-sidebar-style":"default","ast-global-header-display":"","ast-banner-title-visibility":"","ast-main-header-display":"","ast-hfb-above-header-display":"","ast-hfb-below-header-display":"","ast-hfb-mobile-header-display":"","site-post-title":"","ast-breadcrumbs-content":"","ast-featured-img":"","footer-sml-layout":"","ast-disable-related-posts":"","theme-transparent-header-meta":"default","adv-header-id-meta":"","stick-header-meta":"","header-above-stick-meta":"","header-main-stick-meta":"","header-below-stick-meta":"","astra-migrate-meta-layouts":"set","ast-page-background-enabled":"default","ast-page-background-meta":{"desktop":{"background-color":"var(--ast-global-color-4)","background-image":"","background-repeat":"repeat","background-position":"center center","background-size":"auto","background-attachment":"scroll","background-type":"","background-media":"","overlay-type":"","overlay-color":"","overlay-opacity":"","overlay-gradient":""},"tablet":{"background-color":"","background-image":"","background-repeat":"repeat","background-position":"center center","background-size":"auto","background-attachment":"scroll","background-type":"","background-media":"","overlay-type":"","overlay-color":"","overlay-opacity":"","overlay-gradient":""},"mobile":{"background-color":"","background-image":"","background-repeat":"repeat","background-position":"center center","background-size":"auto","background-attachment":"scroll","background-type":"","background-media":"","overlay-type":"","overlay-color":"","overlay-opacity":"","overlay-gradient":""}},"ast-content-background-meta":{"desktop":{"background-color":"var(--ast-global-color-5)","background-image":"","background-repeat":"repeat","background-position":"center center","background-size":"auto","background-attachment":"scroll","background-type":"","background-media":"","overlay-type":"","overlay-color":"","overlay-opacity":"","overlay-gradient":""},"tablet":{"background-color":"var(--ast-global-color-5)","background-image":"","background-repeat":"repeat","background-position":"center center","background-size":"auto","background-attachment":"scroll","background-type":"","background-media":"","overlay-type":"","overlay-color":"","overlay-opacity":"","overlay-gradient":""},"mobile":{"background-color":"var(--ast-global-color-5)","background-image":"","background-repeat":"repeat","background-position":"center center","background-size":"auto","background-attachment":"scroll","background-type":"","background-media":"","overlay-type":"","overlay-color":"","overlay-opacity":"","overlay-gradient":""}}},"product_brand":[],"product_cat":[33],"product_tag":[56,66],"class_list":{"0":"post-4934","1":"product","2":"type-product","3":"status-publish","4":"has-post-thumbnail","6":"product_cat-patek-philippe","7":"product_tag-patek-philippe","8":"product_tag-patek-philippe-aquanaut-chronograph-azul-42-2mm-ref-5968a-custom","9":"desktop-align-left","10":"tablet-align-left","11":"mobile-align-left","13":"first","14":"instock","15":"shipping-taxable","16":"purchasable","17":"product-type-variable"},"acf":[],"aioseo_notices":[],"uagb_featured_image_src":{"full":["https:\/\/clonsuizo.es\/wp-content\/uploads\/2025\/05\/Rolex-GMT-Master-II-gold-jubilee-2025-05-05T000119.943.png",1030,1030,false],"thumbnail":["https:\/\/clonsuizo.es\/wp-content\/uploads\/2025\/05\/Rolex-GMT-Master-II-gold-jubilee-2025-05-05T000119.943-150x150.png",150,150,true],"medium":["https:\/\/clonsuizo.es\/wp-content\/uploads\/2025\/05\/Rolex-GMT-Master-II-gold-jubilee-2025-05-05T000119.943-300x300.png",300,300,true],"medium_large":["https:\/\/clonsuizo.es\/wp-content\/uploads\/2025\/05\/Rolex-GMT-Master-II-gold-jubilee-2025-05-05T000119.943-768x768.png",768,768,true],"large":["https:\/\/clonsuizo.es\/wp-content\/uploads\/2025\/05\/Rolex-GMT-Master-II-gold-jubilee-2025-05-05T000119.943-1024x1024.png",1024,1024,true],"1536x1536":["https:\/\/clonsuizo.es\/wp-content\/uploads\/2025\/05\/Rolex-GMT-Master-II-gold-jubilee-2025-05-05T000119.943.png",1030,1030,false],"2048x2048":["https:\/\/clonsuizo.es\/wp-content\/uploads\/2025\/05\/Rolex-GMT-Master-II-gold-jubilee-2025-05-05T000119.943.png",1030,1030,false],"mailpoet_newsletter_max":["https:\/\/clonsuizo.es\/wp-content\/uploads\/2025\/05\/Rolex-GMT-Master-II-gold-jubilee-2025-05-05T000119.943.png",1030,1030,false],"woocommerce_thumbnail":["https:\/\/clonsuizo.es\/wp-content\/uploads\/2025\/05\/Rolex-GMT-Master-II-gold-jubilee-2025-05-05T000119.943-420x420.png",420,420,true],"woocommerce_single":["https:\/\/clonsuizo.es\/wp-content\/uploads\/2025\/05\/Rolex-GMT-Master-II-gold-jubilee-2025-05-05T000119.943-380x380.png",380,380,true],"woocommerce_gallery_thumbnail":["https:\/\/clonsuizo.es\/wp-content\/uploads\/2025\/05\/Rolex-GMT-Master-II-gold-jubilee-2025-05-05T000119.943-100x100.png",100,100,true],"variation_swatches_image_size":["https:\/\/clonsuizo.es\/wp-content\/uploads\/2025\/05\/Rolex-GMT-Master-II-gold-jubilee-2025-05-05T000119.943-50x50.png",50,50,true],"variation_swatches_tooltip_size":["https:\/\/clonsuizo.es\/wp-content\/uploads\/2025\/05\/Rolex-GMT-Master-II-gold-jubilee-2025-05-05T000119.943-100x100.png",100,100,true]},"uagb_author_info":{"display_name":"Jose SoGay","author_link":"https:\/\/clonsuizo.es\/?author=0"},"uagb_comment_info":0,"uagb_excerpt":"Patek Philippe Aquanaut Chronograph Azul 42.2mm \u2013 Ref. 5968A Custom | Reloj Deportivo R\u00e9plica Suiza 1:1 con Correa y Esfera Azul Esta r\u00e9plica personalizada del Patek Philippe Aquanaut 5968A lleva la deportividad a un nuevo nivel con su vibrante esfera azul y correa a juego. Es un modelo que mezcla precisi\u00f3n t\u00e9cnica con est\u00e9tica llamativa,&hellip;","_links":{"self":[{"href":"https:\/\/clonsuizo.es\/index.php?rest_route=\/wp\/v2\/product\/4934"}],"collection":[{"href":"https:\/\/clonsuizo.es\/index.php?rest_route=\/wp\/v2\/product"}],"about":[{"href":"https:\/\/clonsuizo.es\/index.php?rest_route=\/wp\/v2\/types\/product"}],"version-history":[{"count":1,"href":"https:\/\/clonsuizo.es\/index.php?rest_route=\/wp\/v2\/product\/4934\/revisions"}],"predecessor-version":[{"id":4935,"href":"https:\/\/clonsuizo.es\/index.php?rest_route=\/wp\/v2\/product\/4934\/revisions\/4935"}],"wp:featuredmedia":[{"embeddable":true,"href":"https:\/\/clonsuizo.es\/index.php?rest_route=\/wp\/v2\/media\/4931"}],"wp:attachment":[{"href":"https:\/\/clonsuizo.es\/index.php?rest_route=%2Fwp%2Fv2%2Fmedia&parent=4934"}],"wp:term":[{"taxonomy":"product_brand","embeddable":true,"href":"https:\/\/clonsuizo.es\/index.php?rest_route=%2Fwp%2Fv2%2Fproduct_brand&post=4934"},{"taxonomy":"product_cat","embeddable":true,"href":"https:\/\/clonsuizo.es\/index.php?rest_route=%2Fwp%2Fv2%2Fproduct_cat&post=4934"},{"taxonomy":"product_tag","embeddable":true,"href":"https:\/\/clonsuizo.es\/index.php?rest_route=%2Fwp%2Fv2%2Fproduct_tag&post=4934"}],"curies":[{"name":"wp","href":"https:\/\/api.w.org\/{rel}","templated":true}]}}