{"id":4942,"date":"2025-05-05T07:39:06","date_gmt":"2025-05-05T05:39:06","guid":{"rendered":"https:\/\/clonsuizo.es\/?post_type=product&#038;p=4942"},"modified":"2025-05-14T01:25:21","modified_gmt":"2025-05-13T23:25:21","slug":"patek-philippe-nautilus-ruby-bezel-40mm-ref-5711-custom","status":"publish","type":"product","link":"https:\/\/clonsuizo.es\/?product=patek-philippe-nautilus-ruby-bezel-40mm-ref-5711-custom","title":{"rendered":"Patek Philippe Nautilus Ruby Bezel 40mm \u2013 Ref. 5711 Custom"},"content":{"rendered":"<h3 class=\"\" data-start=\"406\" data-end=\"538\">Patek Philippe Nautilus Ruby Bezel 40mm \u2013 Ref. 5711 Custom | Reloj de Lujo R\u00e9plica Suiza 1:1 con Gemas Rosadas y Esfera Negra<\/h3>\n<p class=\"\" data-start=\"540\" data-end=\"915\">El <strong data-start=\"543\" data-end=\"581\">Patek Philippe Nautilus Ruby Bezel<\/strong> es una reinterpretaci\u00f3n contempor\u00e1nea del ic\u00f3nico modelo 5711. Su bisel engastado con gemas rosadas estilo baguette y su dial negro profundo con \u00edndices tambi\u00e9n personalizados hacen de esta r\u00e9plica una pieza que grita exclusividad, sin dejar de ser elegante. Es perfecta para quienes desean un reloj llamativo, glamoroso y diferente.<\/p>\n<p class=\"\" data-start=\"917\" data-end=\"1128\"><strong data-start=\"920\" data-end=\"960\">Dise\u00f1o Glamuroso con Estilo Iced-Out<\/strong><br \/>\nEl contraste entre el acero pulido, el bisel con gemas fucsias\/rosadas y la esfera negra crea un efecto visual poderoso y sofisticado. Un dise\u00f1o pensado para destacar.<\/p>\n<hr class=\"\" data-start=\"1130\" data-end=\"1133\" \/>\n<h3 class=\"\" data-start=\"1135\" data-end=\"1164\">Especificaciones T\u00e9cnicas<\/h3>\n<ul data-start=\"1166\" data-end=\"1695\">\n<li class=\"\" data-start=\"1166\" data-end=\"1206\">\n<p class=\"\" data-start=\"1168\" data-end=\"1206\"><strong data-start=\"1168\" data-end=\"1179\">Modelo:<\/strong> Nautilus Ruby Bezel 40mm<\/p>\n<\/li>\n<li class=\"\" data-start=\"1207\" data-end=\"1238\">\n<p class=\"\" data-start=\"1209\" data-end=\"1238\"><strong data-start=\"1209\" data-end=\"1224\">Referencia:<\/strong> 5711 Custom<\/p>\n<\/li>\n<li class=\"\" data-start=\"1239\" data-end=\"1270\">\n<p class=\"\" data-start=\"1241\" data-end=\"1270\"><strong data-start=\"1241\" data-end=\"1262\">Di\u00e1metro de caja:<\/strong> 40 mm<\/p>\n<\/li>\n<li class=\"\" data-start=\"1271\" data-end=\"1310\">\n<p class=\"\" data-start=\"1273\" data-end=\"1310\"><strong data-start=\"1273\" data-end=\"1286\">Material:<\/strong> Acero inoxidable 316L<\/p>\n<\/li>\n<li class=\"\" data-start=\"1311\" data-end=\"1349\">\n<p class=\"\" data-start=\"1313\" data-end=\"1349\"><strong data-start=\"1313\" data-end=\"1325\">Cristal:<\/strong> Zafiro antirrayaduras<\/p>\n<\/li>\n<li class=\"\" data-start=\"1350\" data-end=\"1424\">\n<p class=\"\" data-start=\"1352\" data-end=\"1424\"><strong data-start=\"1352\" data-end=\"1362\">Bisel:<\/strong> Octogonal redondeado con gemas rosadas (tipo rub\u00ed baguette)<\/p>\n<\/li>\n<li class=\"\" data-start=\"1425\" data-end=\"1507\">\n<p class=\"\" data-start=\"1427\" data-end=\"1507\"><strong data-start=\"1427\" data-end=\"1436\">Dial:<\/strong> Negro satinado con textura horizontal y marcadores con gemas a juego<\/p>\n<\/li>\n<li class=\"\" data-start=\"1508\" data-end=\"1552\">\n<p class=\"\" data-start=\"1510\" data-end=\"1552\"><strong data-start=\"1510\" data-end=\"1525\">Movimiento:<\/strong> Autom\u00e1tico Suizo clonado<\/p>\n<\/li>\n<li class=\"\" data-start=\"1553\" data-end=\"1603\">\n<p class=\"\" data-start=\"1555\" data-end=\"1603\"><strong data-start=\"1555\" data-end=\"1569\">Funciones:<\/strong> Horas, minutos, segundos, fecha<\/p>\n<\/li>\n<li class=\"\" data-start=\"1604\" data-end=\"1662\">\n<p class=\"\" data-start=\"1606\" data-end=\"1662\"><strong data-start=\"1606\" data-end=\"1618\">Pulsera:<\/strong> Brazalete de acero con cierre desplegable<\/p>\n<\/li>\n<li class=\"\" data-start=\"1663\" data-end=\"1695\">\n<p class=\"\" data-start=\"1665\" data-end=\"1695\"><strong data-start=\"1665\" data-end=\"1682\">Hermeticidad:<\/strong> 120 metros<\/p>\n<\/li>\n<\/ul>\n<hr class=\"\" data-start=\"1697\" data-end=\"1700\" \/>\n<p class=\"\" data-start=\"1702\" data-end=\"2003\">\u2705 <strong data-start=\"1704\" data-end=\"1769\">R\u00e9plica Suiza 1:1 \u2013 Personalizaci\u00f3n con Nivel de Alta Joyer\u00eda<\/strong><br \/>\nEste reloj no solo reproduce la silueta exacta del Nautilus 5711, sino que eleva su presencia con un bisel customizado en gemas rosadas perfectamente engastadas. El movimiento autom\u00e1tico suizo asegura un desempe\u00f1o fluido y funcional.<\/p>\n<hr class=\"\" data-start=\"2005\" data-end=\"2008\" \/>\n<p class=\"\" data-start=\"2010\" data-end=\"2048\">\ud83d\ude9a <strong data-start=\"2013\" data-end=\"2048\">Servicio Completo con Confianza<\/strong><\/p>\n<ul data-start=\"2050\" data-end=\"2205\">\n<li class=\"\" data-start=\"2050\" data-end=\"2081\">\n<p class=\"\" data-start=\"2052\" data-end=\"2081\">Env\u00edo asegurado con rastreo<\/p>\n<\/li>\n<li class=\"\" data-start=\"2082\" data-end=\"2120\">\n<p class=\"\" data-start=\"2084\" data-end=\"2120\">Garant\u00eda de devoluci\u00f3n por 30 d\u00edas<\/p>\n<\/li>\n<li class=\"\" data-start=\"2121\" data-end=\"2158\">\n<p class=\"\" data-start=\"2123\" data-end=\"2158\">Atenci\u00f3n personalizada en espa\u00f1ol<\/p>\n<\/li>\n<li class=\"\" data-start=\"2159\" data-end=\"2205\">\n<p class=\"\" data-start=\"2161\" data-end=\"2205\">Transacciones 100% seguras con cifrado SSL<\/p>\n<\/li>\n<\/ul>\n<hr class=\"\" data-start=\"2207\" data-end=\"2210\" \/>\n<h3 class=\"\" data-start=\"2212\" data-end=\"2255\">\u00bfPor qu\u00e9 elegir el Nautilus Ruby Bezel?<\/h3>\n<p class=\"\" data-start=\"2256\" data-end=\"2496\">\u2714 Estilo \u00fanico, vibrante y exclusivo<br data-start=\"2292\" data-end=\"2295\" \/>\u2714 Movimiento autom\u00e1tico funcional clonado<br data-start=\"2336\" data-end=\"2339\" \/>\u2714 R\u00e9plica exacta 1:1 con bisel personalizado de alta gama<br data-start=\"2396\" data-end=\"2399\" \/>\u2714 Ideal para quienes buscan lujo moderno y llamativo<br data-start=\"2451\" data-end=\"2454\" \/>\u2714 Construcci\u00f3n s\u00f3lida, est\u00e9tica refinada<\/p>\n","protected":false},"excerpt":{"rendered":"<p>Patek Philippe Nautilus Ruby Bezel 40mm \u2013 Ref. 5711 Custom | Reloj de Lujo R\u00e9plica Suiza 1:1 con Gemas Rosadas y Esfera Negra El Patek Philippe Nautilus Ruby Bezel es una reinterpretaci\u00f3n contempor\u00e1nea del ic\u00f3nico modelo 5711. Su bisel engastado con gemas rosadas estilo baguette y su dial negro profundo con \u00edndices tambi\u00e9n personalizados hacen [&hellip;]<\/p>\n","protected":false},"featured_media":4943,"template":"","meta":{"_acf_changed":false,"om_disable_all_campaigns":false,"_uag_custom_page_level_css":"","_monsterinsights_skip_tracking":false,"_monsterinsights_sitenote_active":false,"_monsterinsights_sitenote_note":"","_monsterinsights_sitenote_category":0,"site-sidebar-layout":"default","site-content-layout":"","ast-site-content-layout":"default","site-content-style":"default","site-sidebar-style":"default","ast-global-header-display":"","ast-banner-title-visibility":"","ast-main-header-display":"","ast-hfb-above-header-display":"","ast-hfb-below-header-display":"","ast-hfb-mobile-header-display":"","site-post-title":"","ast-breadcrumbs-content":"","ast-featured-img":"","footer-sml-layout":"","ast-disable-related-posts":"","theme-transparent-header-meta":"default","adv-header-id-meta":"","stick-header-meta":"","header-above-stick-meta":"","header-main-stick-meta":"","header-below-stick-meta":"","astra-migrate-meta-layouts":"set","ast-page-background-enabled":"default","ast-page-background-meta":{"desktop":{"background-color":"var(--ast-global-color-4)","background-image":"","background-repeat":"repeat","background-position":"center center","background-size":"auto","background-attachment":"scroll","background-type":"","background-media":"","overlay-type":"","overlay-color":"","overlay-opacity":"","overlay-gradient":""},"tablet":{"background-color":"","background-image":"","background-repeat":"repeat","background-position":"center center","background-size":"auto","background-attachment":"scroll","background-type":"","background-media":"","overlay-type":"","overlay-color":"","overlay-opacity":"","overlay-gradient":""},"mobile":{"background-color":"","background-image":"","background-repeat":"repeat","background-position":"center center","background-size":"auto","background-attachment":"scroll","background-type":"","background-media":"","overlay-type":"","overlay-color":"","overlay-opacity":"","overlay-gradient":""}},"ast-content-background-meta":{"desktop":{"background-color":"var(--ast-global-color-5)","background-image":"","background-repeat":"repeat","background-position":"center center","background-size":"auto","background-attachment":"scroll","background-type":"","background-media":"","overlay-type":"","overlay-color":"","overlay-opacity":"","overlay-gradient":""},"tablet":{"background-color":"var(--ast-global-color-5)","background-image":"","background-repeat":"repeat","background-position":"center center","background-size":"auto","background-attachment":"scroll","background-type":"","background-media":"","overlay-type":"","overlay-color":"","overlay-opacity":"","overlay-gradient":""},"mobile":{"background-color":"var(--ast-global-color-5)","background-image":"","background-repeat":"repeat","background-position":"center center","background-size":"auto","background-attachment":"scroll","background-type":"","background-media":"","overlay-type":"","overlay-color":"","overlay-opacity":"","overlay-gradient":""}}},"product_brand":[],"product_cat":[33],"product_tag":[56,68],"class_list":{"0":"post-4942","1":"product","2":"type-product","3":"status-publish","4":"has-post-thumbnail","6":"product_cat-patek-philippe","7":"product_tag-patek-philippe","8":"product_tag-patek-philippe-nautilus-ruby-bezel-40mm-ref-5711-custom","9":"desktop-align-left","10":"tablet-align-left","11":"mobile-align-left","13":"first","14":"instock","15":"shipping-taxable","16":"purchasable","17":"product-type-variable"},"acf":[],"aioseo_notices":[],"uagb_featured_image_src":{"full":["https:\/\/clonsuizo.es\/wp-content\/uploads\/2025\/05\/Rolex-GMT-Master-II-gold-jubilee-2025-05-05T003548.767.png",1030,1030,false],"thumbnail":["https:\/\/clonsuizo.es\/wp-content\/uploads\/2025\/05\/Rolex-GMT-Master-II-gold-jubilee-2025-05-05T003548.767-150x150.png",150,150,true],"medium":["https:\/\/clonsuizo.es\/wp-content\/uploads\/2025\/05\/Rolex-GMT-Master-II-gold-jubilee-2025-05-05T003548.767-300x300.png",300,300,true],"medium_large":["https:\/\/clonsuizo.es\/wp-content\/uploads\/2025\/05\/Rolex-GMT-Master-II-gold-jubilee-2025-05-05T003548.767-768x768.png",768,768,true],"large":["https:\/\/clonsuizo.es\/wp-content\/uploads\/2025\/05\/Rolex-GMT-Master-II-gold-jubilee-2025-05-05T003548.767-1024x1024.png",1024,1024,true],"1536x1536":["https:\/\/clonsuizo.es\/wp-content\/uploads\/2025\/05\/Rolex-GMT-Master-II-gold-jubilee-2025-05-05T003548.767.png",1030,1030,false],"2048x2048":["https:\/\/clonsuizo.es\/wp-content\/uploads\/2025\/05\/Rolex-GMT-Master-II-gold-jubilee-2025-05-05T003548.767.png",1030,1030,false],"mailpoet_newsletter_max":["https:\/\/clonsuizo.es\/wp-content\/uploads\/2025\/05\/Rolex-GMT-Master-II-gold-jubilee-2025-05-05T003548.767.png",1030,1030,false],"woocommerce_thumbnail":["https:\/\/clonsuizo.es\/wp-content\/uploads\/2025\/05\/Rolex-GMT-Master-II-gold-jubilee-2025-05-05T003548.767-420x420.png",420,420,true],"woocommerce_single":["https:\/\/clonsuizo.es\/wp-content\/uploads\/2025\/05\/Rolex-GMT-Master-II-gold-jubilee-2025-05-05T003548.767-380x380.png",380,380,true],"woocommerce_gallery_thumbnail":["https:\/\/clonsuizo.es\/wp-content\/uploads\/2025\/05\/Rolex-GMT-Master-II-gold-jubilee-2025-05-05T003548.767-100x100.png",100,100,true],"variation_swatches_image_size":["https:\/\/clonsuizo.es\/wp-content\/uploads\/2025\/05\/Rolex-GMT-Master-II-gold-jubilee-2025-05-05T003548.767-50x50.png",50,50,true],"variation_swatches_tooltip_size":["https:\/\/clonsuizo.es\/wp-content\/uploads\/2025\/05\/Rolex-GMT-Master-II-gold-jubilee-2025-05-05T003548.767-100x100.png",100,100,true]},"uagb_author_info":{"display_name":"Jose SoGay","author_link":"https:\/\/clonsuizo.es\/?author=0"},"uagb_comment_info":0,"uagb_excerpt":"Patek Philippe Nautilus Ruby Bezel 40mm \u2013 Ref. 5711 Custom | Reloj de Lujo R\u00e9plica Suiza 1:1 con Gemas Rosadas y Esfera Negra El Patek Philippe Nautilus Ruby Bezel es una reinterpretaci\u00f3n contempor\u00e1nea del ic\u00f3nico modelo 5711. Su bisel engastado con gemas rosadas estilo baguette y su dial negro profundo con \u00edndices tambi\u00e9n personalizados hacen&hellip;","_links":{"self":[{"href":"https:\/\/clonsuizo.es\/index.php?rest_route=\/wp\/v2\/product\/4942"}],"collection":[{"href":"https:\/\/clonsuizo.es\/index.php?rest_route=\/wp\/v2\/product"}],"about":[{"href":"https:\/\/clonsuizo.es\/index.php?rest_route=\/wp\/v2\/types\/product"}],"version-history":[{"count":2,"href":"https:\/\/clonsuizo.es\/index.php?rest_route=\/wp\/v2\/product\/4942\/revisions"}],"predecessor-version":[{"id":5254,"href":"https:\/\/clonsuizo.es\/index.php?rest_route=\/wp\/v2\/product\/4942\/revisions\/5254"}],"wp:featuredmedia":[{"embeddable":true,"href":"https:\/\/clonsuizo.es\/index.php?rest_route=\/wp\/v2\/media\/4943"}],"wp:attachment":[{"href":"https:\/\/clonsuizo.es\/index.php?rest_route=%2Fwp%2Fv2%2Fmedia&parent=4942"}],"wp:term":[{"taxonomy":"product_brand","embeddable":true,"href":"https:\/\/clonsuizo.es\/index.php?rest_route=%2Fwp%2Fv2%2Fproduct_brand&post=4942"},{"taxonomy":"product_cat","embeddable":true,"href":"https:\/\/clonsuizo.es\/index.php?rest_route=%2Fwp%2Fv2%2Fproduct_cat&post=4942"},{"taxonomy":"product_tag","embeddable":true,"href":"https:\/\/clonsuizo.es\/index.php?rest_route=%2Fwp%2Fv2%2Fproduct_tag&post=4942"}],"curies":[{"name":"wp","href":"https:\/\/api.w.org\/{rel}","templated":true}]}}