{"id":4948,"date":"2025-05-05T07:46:53","date_gmt":"2025-05-05T05:46:53","guid":{"rendered":"https:\/\/clonsuizo.es\/?post_type=product&#038;p=4948"},"modified":"2025-05-14T01:24:37","modified_gmt":"2025-05-13T23:24:37","slug":"patek-philippe-nautilus-moonphase-40mm-ref-5712-1a-001","status":"publish","type":"product","link":"https:\/\/clonsuizo.es\/?product=patek-philippe-nautilus-moonphase-40mm-ref-5712-1a-001","title":{"rendered":"Patek Philippe Nautilus Moonphase 40mm \u2013 Ref. 5712\/1A-001"},"content":{"rendered":"<h3 class=\"\" data-start=\"326\" data-end=\"459\">Patek Philippe Nautilus Moonphase 40mm \u2013 Ref. 5712\/1A-001 | Reloj de Lujo R\u00e9plica Suiza 1:1 con Fase Lunar y Reserva de Marcha<\/h3>\n<p class=\"\" data-start=\"461\" data-end=\"838\">El <strong data-start=\"464\" data-end=\"503\">Patek Philippe Nautilus 5712\/1A-001<\/strong> es una obra maestra de la alta relojer\u00eda. Este modelo combina la elegancia deportiva de la l\u00ednea Nautilus con complicaciones mec\u00e1nicas de gran prestigio: <strong data-start=\"658\" data-end=\"672\">fase lunar<\/strong>, <strong data-start=\"674\" data-end=\"693\">fecha anal\u00f3gica<\/strong>, <strong data-start=\"695\" data-end=\"720\">subesfera de segundos<\/strong> y <strong data-start=\"723\" data-end=\"744\">reserva de marcha<\/strong>. Esta r\u00e9plica suiza 1:1 reproduce cada detalle t\u00e9cnico y est\u00e9tico con fidelidad sorprendente.<\/p>\n<p class=\"\" data-start=\"840\" data-end=\"1109\"><strong data-start=\"843\" data-end=\"883\">Dise\u00f1o Complejo con Alma Astron\u00f3mica<\/strong><br \/>\nEl dial gris azulado asim\u00e9trico con textura horizontal muestra m\u00faltiples indicadores sin perder equilibrio visual. Es un reloj pensado para coleccionistas y conocedores que valoran la mec\u00e1nica tradicional en una caja moderna.<\/p>\n<hr class=\"\" data-start=\"1111\" data-end=\"1114\" \/>\n<h3 class=\"\" data-start=\"1116\" data-end=\"1145\">Especificaciones T\u00e9cnicas<\/h3>\n<ul data-start=\"1147\" data-end=\"1729\">\n<li class=\"\" data-start=\"1147\" data-end=\"1186\">\n<p class=\"\" data-start=\"1149\" data-end=\"1186\"><strong data-start=\"1149\" data-end=\"1160\">Modelo:<\/strong> Nautilus Moonphase 40mm<\/p>\n<\/li>\n<li class=\"\" data-start=\"1187\" data-end=\"1218\">\n<p class=\"\" data-start=\"1189\" data-end=\"1218\"><strong data-start=\"1189\" data-end=\"1204\">Referencia:<\/strong> 5712\/1A-001<\/p>\n<\/li>\n<li class=\"\" data-start=\"1219\" data-end=\"1250\">\n<p class=\"\" data-start=\"1221\" data-end=\"1250\"><strong data-start=\"1221\" data-end=\"1242\">Di\u00e1metro de caja:<\/strong> 40 mm<\/p>\n<\/li>\n<li class=\"\" data-start=\"1251\" data-end=\"1290\">\n<p class=\"\" data-start=\"1253\" data-end=\"1290\"><strong data-start=\"1253\" data-end=\"1266\">Material:<\/strong> Acero inoxidable 316L<\/p>\n<\/li>\n<li class=\"\" data-start=\"1291\" data-end=\"1335\">\n<p class=\"\" data-start=\"1293\" data-end=\"1335\"><strong data-start=\"1293\" data-end=\"1305\">Cristal:<\/strong> Zafiro resistente a rayones<\/p>\n<\/li>\n<li class=\"\" data-start=\"1336\" data-end=\"1380\">\n<p class=\"\" data-start=\"1338\" data-end=\"1380\"><strong data-start=\"1338\" data-end=\"1348\">Bisel:<\/strong> Octogonal redondeado satinado<\/p>\n<\/li>\n<li class=\"\" data-start=\"1381\" data-end=\"1479\">\n<p class=\"\" data-start=\"1383\" data-end=\"1479\"><strong data-start=\"1383\" data-end=\"1392\">Dial:<\/strong> Azul gris\u00e1ceo con patr\u00f3n horizontal, fase lunar, reserva de marcha, fecha y segundos<\/p>\n<\/li>\n<li class=\"\" data-start=\"1480\" data-end=\"1546\">\n<p class=\"\" data-start=\"1482\" data-end=\"1546\"><strong data-start=\"1482\" data-end=\"1497\">Movimiento:<\/strong> Autom\u00e1tico Suizo clonado con funciones activas<\/p>\n<\/li>\n<li class=\"\" data-start=\"1547\" data-end=\"1628\">\n<p class=\"\" data-start=\"1549\" data-end=\"1628\"><strong data-start=\"1549\" data-end=\"1563\">Funciones:<\/strong> Horas, minutos, segundos, fecha, fase lunar, reserva de marcha<\/p>\n<\/li>\n<li class=\"\" data-start=\"1629\" data-end=\"1697\">\n<p class=\"\" data-start=\"1631\" data-end=\"1697\"><strong data-start=\"1631\" data-end=\"1643\">Pulsera:<\/strong> Brazalete integrado en acero con cierre desplegable<\/p>\n<\/li>\n<li class=\"\" data-start=\"1698\" data-end=\"1729\">\n<p class=\"\" data-start=\"1700\" data-end=\"1729\"><strong data-start=\"1700\" data-end=\"1717\">Hermeticidad:<\/strong> 60 metros<\/p>\n<\/li>\n<\/ul>\n<hr class=\"\" data-start=\"1731\" data-end=\"1734\" \/>\n<p class=\"\" data-start=\"1736\" data-end=\"2037\">\u2705 <strong data-start=\"1738\" data-end=\"1815\">R\u00e9plica Suiza 1:1 \u2013 Complicaciones Visuales y T\u00e9cnicas con Alta Precisi\u00f3n<\/strong><br \/>\nEsta r\u00e9plica ha sido desarrollada para reflejar fielmente la disposici\u00f3n asim\u00e9trica y las funciones del original. El subdial de fase lunar, la reserva de energ\u00eda y la est\u00e9tica gris azulada est\u00e1n cuidadosamente ejecutadas.<\/p>\n<hr class=\"\" data-start=\"2039\" data-end=\"2042\" \/>\n<p class=\"\" data-start=\"2044\" data-end=\"2081\">\ud83d\ude9a <strong data-start=\"2047\" data-end=\"2081\">Entrega Segura + Garant\u00eda Real<\/strong><\/p>\n<ul data-start=\"2083\" data-end=\"2242\">\n<li class=\"\" data-start=\"2083\" data-end=\"2127\">\n<p class=\"\" data-start=\"2085\" data-end=\"2127\">Env\u00edo asegurado nacional e internacional<\/p>\n<\/li>\n<li class=\"\" data-start=\"2128\" data-end=\"2168\">\n<p class=\"\" data-start=\"2130\" data-end=\"2168\">Garant\u00eda de satisfacci\u00f3n por 30 d\u00edas<\/p>\n<\/li>\n<li class=\"\" data-start=\"2169\" data-end=\"2196\">\n<p class=\"\" data-start=\"2171\" data-end=\"2196\">Soporte en espa\u00f1ol 24\/7<\/p>\n<\/li>\n<li class=\"\" data-start=\"2197\" data-end=\"2242\">\n<p class=\"\" data-start=\"2199\" data-end=\"2242\">Protecci\u00f3n total en tus pagos con cifrado<\/p>\n<\/li>\n<\/ul>\n<hr class=\"\" data-start=\"2244\" data-end=\"2247\" \/>\n<h3 class=\"\" data-start=\"2249\" data-end=\"2296\">\u00bfPor qu\u00e9 elegir el Nautilus Moonphase 5712?<\/h3>\n<p class=\"\" data-start=\"2297\" data-end=\"2544\">\u2714 Complicaciones de fase lunar y reserva de marcha<br data-start=\"2347\" data-end=\"2350\" \/>\u2714 Dise\u00f1o asim\u00e9trico sofisticado y balanceado<br data-start=\"2394\" data-end=\"2397\" \/>\u2714 Movimiento autom\u00e1tico funcional suizo clonado<br data-start=\"2444\" data-end=\"2447\" \/>\u2714 R\u00e9plica exacta 1:1 de una pieza de colecci\u00f3n<br data-start=\"2493\" data-end=\"2496\" \/>\u2714 Est\u00e9tica \u00fanica dentro de la familia Nautilus<\/p>\n","protected":false},"excerpt":{"rendered":"<p>Patek Philippe Nautilus Moonphase 40mm \u2013 Ref. 5712\/1A-001 | Reloj de Lujo R\u00e9plica Suiza 1:1 con Fase Lunar y Reserva de Marcha El Patek Philippe Nautilus 5712\/1A-001 es una obra maestra de la alta relojer\u00eda. Este modelo combina la elegancia deportiva de la l\u00ednea Nautilus con complicaciones mec\u00e1nicas de gran prestigio: fase lunar, fecha anal\u00f3gica, [&hellip;]<\/p>\n","protected":false},"featured_media":4949,"template":"","meta":{"_acf_changed":false,"om_disable_all_campaigns":false,"_uag_custom_page_level_css":"","_monsterinsights_skip_tracking":false,"_monsterinsights_sitenote_active":false,"_monsterinsights_sitenote_note":"","_monsterinsights_sitenote_category":0,"site-sidebar-layout":"default","site-content-layout":"","ast-site-content-layout":"default","site-content-style":"default","site-sidebar-style":"default","ast-global-header-display":"","ast-banner-title-visibility":"","ast-main-header-display":"","ast-hfb-above-header-display":"","ast-hfb-below-header-display":"","ast-hfb-mobile-header-display":"","site-post-title":"","ast-breadcrumbs-content":"","ast-featured-img":"","footer-sml-layout":"","ast-disable-related-posts":"","theme-transparent-header-meta":"default","adv-header-id-meta":"","stick-header-meta":"","header-above-stick-meta":"","header-main-stick-meta":"","header-below-stick-meta":"","astra-migrate-meta-layouts":"set","ast-page-background-enabled":"default","ast-page-background-meta":{"desktop":{"background-color":"var(--ast-global-color-4)","background-image":"","background-repeat":"repeat","background-position":"center center","background-size":"auto","background-attachment":"scroll","background-type":"","background-media":"","overlay-type":"","overlay-color":"","overlay-opacity":"","overlay-gradient":""},"tablet":{"background-color":"","background-image":"","background-repeat":"repeat","background-position":"center center","background-size":"auto","background-attachment":"scroll","background-type":"","background-media":"","overlay-type":"","overlay-color":"","overlay-opacity":"","overlay-gradient":""},"mobile":{"background-color":"","background-image":"","background-repeat":"repeat","background-position":"center center","background-size":"auto","background-attachment":"scroll","background-type":"","background-media":"","overlay-type":"","overlay-color":"","overlay-opacity":"","overlay-gradient":""}},"ast-content-background-meta":{"desktop":{"background-color":"var(--ast-global-color-5)","background-image":"","background-repeat":"repeat","background-position":"center center","background-size":"auto","background-attachment":"scroll","background-type":"","background-media":"","overlay-type":"","overlay-color":"","overlay-opacity":"","overlay-gradient":""},"tablet":{"background-color":"var(--ast-global-color-5)","background-image":"","background-repeat":"repeat","background-position":"center center","background-size":"auto","background-attachment":"scroll","background-type":"","background-media":"","overlay-type":"","overlay-color":"","overlay-opacity":"","overlay-gradient":""},"mobile":{"background-color":"var(--ast-global-color-5)","background-image":"","background-repeat":"repeat","background-position":"center center","background-size":"auto","background-attachment":"scroll","background-type":"","background-media":"","overlay-type":"","overlay-color":"","overlay-opacity":"","overlay-gradient":""}}},"product_brand":[],"product_cat":[33],"product_tag":[56,69],"class_list":{"0":"post-4948","1":"product","2":"type-product","3":"status-publish","4":"has-post-thumbnail","6":"product_cat-patek-philippe","7":"product_tag-patek-philippe","8":"product_tag-patek-philippe-nautilus-moonphase-40mm-ref-5712-1a-001","9":"desktop-align-left","10":"tablet-align-left","11":"mobile-align-left","13":"first","14":"instock","15":"shipping-taxable","16":"purchasable","17":"product-type-variable"},"acf":[],"aioseo_notices":[],"uagb_featured_image_src":{"full":["https:\/\/clonsuizo.es\/wp-content\/uploads\/2025\/05\/Rolex-GMT-Master-II-gold-jubilee-2025-05-05T004236.958.png",1030,1030,false],"thumbnail":["https:\/\/clonsuizo.es\/wp-content\/uploads\/2025\/05\/Rolex-GMT-Master-II-gold-jubilee-2025-05-05T004236.958-150x150.png",150,150,true],"medium":["https:\/\/clonsuizo.es\/wp-content\/uploads\/2025\/05\/Rolex-GMT-Master-II-gold-jubilee-2025-05-05T004236.958-300x300.png",300,300,true],"medium_large":["https:\/\/clonsuizo.es\/wp-content\/uploads\/2025\/05\/Rolex-GMT-Master-II-gold-jubilee-2025-05-05T004236.958-768x768.png",768,768,true],"large":["https:\/\/clonsuizo.es\/wp-content\/uploads\/2025\/05\/Rolex-GMT-Master-II-gold-jubilee-2025-05-05T004236.958-1024x1024.png",1024,1024,true],"1536x1536":["https:\/\/clonsuizo.es\/wp-content\/uploads\/2025\/05\/Rolex-GMT-Master-II-gold-jubilee-2025-05-05T004236.958.png",1030,1030,false],"2048x2048":["https:\/\/clonsuizo.es\/wp-content\/uploads\/2025\/05\/Rolex-GMT-Master-II-gold-jubilee-2025-05-05T004236.958.png",1030,1030,false],"mailpoet_newsletter_max":["https:\/\/clonsuizo.es\/wp-content\/uploads\/2025\/05\/Rolex-GMT-Master-II-gold-jubilee-2025-05-05T004236.958.png",1030,1030,false],"woocommerce_thumbnail":["https:\/\/clonsuizo.es\/wp-content\/uploads\/2025\/05\/Rolex-GMT-Master-II-gold-jubilee-2025-05-05T004236.958-420x420.png",420,420,true],"woocommerce_single":["https:\/\/clonsuizo.es\/wp-content\/uploads\/2025\/05\/Rolex-GMT-Master-II-gold-jubilee-2025-05-05T004236.958-380x380.png",380,380,true],"woocommerce_gallery_thumbnail":["https:\/\/clonsuizo.es\/wp-content\/uploads\/2025\/05\/Rolex-GMT-Master-II-gold-jubilee-2025-05-05T004236.958-100x100.png",100,100,true],"variation_swatches_image_size":["https:\/\/clonsuizo.es\/wp-content\/uploads\/2025\/05\/Rolex-GMT-Master-II-gold-jubilee-2025-05-05T004236.958-50x50.png",50,50,true],"variation_swatches_tooltip_size":["https:\/\/clonsuizo.es\/wp-content\/uploads\/2025\/05\/Rolex-GMT-Master-II-gold-jubilee-2025-05-05T004236.958-100x100.png",100,100,true]},"uagb_author_info":{"display_name":"Jose SoGay","author_link":"https:\/\/clonsuizo.es\/?author=0"},"uagb_comment_info":0,"uagb_excerpt":"Patek Philippe Nautilus Moonphase 40mm \u2013 Ref. 5712\/1A-001 | Reloj de Lujo R\u00e9plica Suiza 1:1 con Fase Lunar y Reserva de Marcha El Patek Philippe Nautilus 5712\/1A-001 es una obra maestra de la alta relojer\u00eda. Este modelo combina la elegancia deportiva de la l\u00ednea Nautilus con complicaciones mec\u00e1nicas de gran prestigio: fase lunar, fecha anal\u00f3gica,&hellip;","_links":{"self":[{"href":"https:\/\/clonsuizo.es\/index.php?rest_route=\/wp\/v2\/product\/4948"}],"collection":[{"href":"https:\/\/clonsuizo.es\/index.php?rest_route=\/wp\/v2\/product"}],"about":[{"href":"https:\/\/clonsuizo.es\/index.php?rest_route=\/wp\/v2\/types\/product"}],"version-history":[{"count":1,"href":"https:\/\/clonsuizo.es\/index.php?rest_route=\/wp\/v2\/product\/4948\/revisions"}],"predecessor-version":[{"id":4953,"href":"https:\/\/clonsuizo.es\/index.php?rest_route=\/wp\/v2\/product\/4948\/revisions\/4953"}],"wp:featuredmedia":[{"embeddable":true,"href":"https:\/\/clonsuizo.es\/index.php?rest_route=\/wp\/v2\/media\/4949"}],"wp:attachment":[{"href":"https:\/\/clonsuizo.es\/index.php?rest_route=%2Fwp%2Fv2%2Fmedia&parent=4948"}],"wp:term":[{"taxonomy":"product_brand","embeddable":true,"href":"https:\/\/clonsuizo.es\/index.php?rest_route=%2Fwp%2Fv2%2Fproduct_brand&post=4948"},{"taxonomy":"product_cat","embeddable":true,"href":"https:\/\/clonsuizo.es\/index.php?rest_route=%2Fwp%2Fv2%2Fproduct_cat&post=4948"},{"taxonomy":"product_tag","embeddable":true,"href":"https:\/\/clonsuizo.es\/index.php?rest_route=%2Fwp%2Fv2%2Fproduct_tag&post=4948"}],"curies":[{"name":"wp","href":"https:\/\/api.w.org\/{rel}","templated":true}]}}