{"id":5004,"date":"2025-05-05T08:53:55","date_gmt":"2025-05-05T06:53:55","guid":{"rendered":"https:\/\/clonsuizo.es\/?post_type=product&#038;p=5004"},"modified":"2025-05-15T20:17:56","modified_gmt":"2025-05-15T18:17:56","slug":"audemars-piguet-royal-oak-acero-41mm-ref-15500st","status":"publish","type":"product","link":"https:\/\/clonsuizo.es\/?product=audemars-piguet-royal-oak-acero-41mm-ref-15500st","title":{"rendered":"Audemars Piguet Royal Oak Acero 41mm \u2013 Ref. 15500ST"},"content":{"rendered":"<div style=\"width: 1920px;\" class=\"wp-video\"><!--[if lt IE 9]><script>document.createElement('video');<\/script><![endif]-->\n<video class=\"wp-video-shortcode\" id=\"video-5004-1\" width=\"1920\" height=\"1080\" preload=\"metadata\" controls=\"controls\"><source type=\"video\/mp4\" src=\"https:\/\/clonsuizo.es\/wp-content\/uploads\/2025\/05\/CFW.154.mp4?_=1\" \/><a href=\"https:\/\/clonsuizo.es\/wp-content\/uploads\/2025\/05\/CFW.154.mp4\">https:\/\/clonsuizo.es\/wp-content\/uploads\/2025\/05\/CFW.154.mp4<\/a><\/video><\/div>\n<h3 class=\"\" data-start=\"361\" data-end=\"492\">Audemars Piguet Royal Oak Acero 41mm \u2013 Ref. 15500ST | Reloj de Lujo R\u00e9plica Suiza 1:1 con Esfera Negra y Brazalete Integrado<\/h3>\n<p class=\"\" data-start=\"494\" data-end=\"851\">El <strong data-start=\"497\" data-end=\"536\">Royal Oak 15500ST en acero completo<\/strong> es el modelo por excelencia de Audemars Piguet. Su caja octagonal, tornillos hexagonales y esfera negra con patr\u00f3n \u00abGrande Tapisserie\u00bb lo convierten en una obra de arte funcional. Esta r\u00e9plica suiza 1:1 ha sido desarrollada para reflejar con total precisi\u00f3n el dise\u00f1o, peso, proporciones y movimiento del original.<\/p>\n<p class=\"\" data-start=\"853\" data-end=\"1087\"><strong data-start=\"856\" data-end=\"894\">Dise\u00f1o Ic\u00f3nico, Elegancia Integral<\/strong><br \/>\nEl brazalete integrado de acero y los acabados cepillados en bisel y caja hacen de este reloj una declaraci\u00f3n de sofisticaci\u00f3n moderna. Es ideal tanto para ejecutivos como para coleccionistas.<\/p>\n<hr class=\"\" data-start=\"1089\" data-end=\"1092\" \/>\n<h3 class=\"\" data-start=\"1094\" data-end=\"1123\">Especificaciones T\u00e9cnicas<\/h3>\n<ul data-start=\"1125\" data-end=\"1631\">\n<li class=\"\" data-start=\"1125\" data-end=\"1161\">\n<p class=\"\" data-start=\"1127\" data-end=\"1161\"><strong data-start=\"1127\" data-end=\"1138\">Modelo:<\/strong> Royal Oak Acero 41mm<\/p>\n<\/li>\n<li class=\"\" data-start=\"1162\" data-end=\"1189\">\n<p class=\"\" data-start=\"1164\" data-end=\"1189\"><strong data-start=\"1164\" data-end=\"1179\">Referencia:<\/strong> 15500ST<\/p>\n<\/li>\n<li class=\"\" data-start=\"1190\" data-end=\"1221\">\n<p class=\"\" data-start=\"1192\" data-end=\"1221\"><strong data-start=\"1192\" data-end=\"1213\">Di\u00e1metro de caja:<\/strong> 41 mm<\/p>\n<\/li>\n<li class=\"\" data-start=\"1222\" data-end=\"1261\">\n<p class=\"\" data-start=\"1224\" data-end=\"1261\"><strong data-start=\"1224\" data-end=\"1237\">Material:<\/strong> Acero inoxidable 316L<\/p>\n<\/li>\n<li class=\"\" data-start=\"1262\" data-end=\"1306\">\n<p class=\"\" data-start=\"1264\" data-end=\"1306\"><strong data-start=\"1264\" data-end=\"1276\">Cristal:<\/strong> Zafiro resistente a rayones<\/p>\n<\/li>\n<li class=\"\" data-start=\"1307\" data-end=\"1370\">\n<p class=\"\" data-start=\"1309\" data-end=\"1370\"><strong data-start=\"1309\" data-end=\"1319\">Bisel:<\/strong> Octagonal con tornillos expuestos tipo hexagonal<\/p>\n<\/li>\n<li class=\"\" data-start=\"1371\" data-end=\"1431\">\n<p class=\"\" data-start=\"1373\" data-end=\"1431\"><strong data-start=\"1373\" data-end=\"1382\">Dial:<\/strong> Negro \u201cGrande Tapisserie\u201d con ventana de fecha<\/p>\n<\/li>\n<li class=\"\" data-start=\"1432\" data-end=\"1476\">\n<p class=\"\" data-start=\"1434\" data-end=\"1476\"><strong data-start=\"1434\" data-end=\"1449\">Movimiento:<\/strong> Autom\u00e1tico Suizo clonado<\/p>\n<\/li>\n<li class=\"\" data-start=\"1477\" data-end=\"1527\">\n<p class=\"\" data-start=\"1479\" data-end=\"1527\"><strong data-start=\"1479\" data-end=\"1493\">Funciones:<\/strong> Horas, minutos, segundos, fecha<\/p>\n<\/li>\n<li class=\"\" data-start=\"1528\" data-end=\"1599\">\n<p class=\"\" data-start=\"1530\" data-end=\"1599\"><strong data-start=\"1530\" data-end=\"1542\">Pulsera:<\/strong> Brazalete integrado de acero con cierre AP desplegable<\/p>\n<\/li>\n<li class=\"\" data-start=\"1600\" data-end=\"1631\">\n<p class=\"\" data-start=\"1602\" data-end=\"1631\"><strong data-start=\"1602\" data-end=\"1619\">Hermeticidad:<\/strong> 50 metros<\/p>\n<\/li>\n<\/ul>\n<hr class=\"\" data-start=\"1633\" data-end=\"1636\" \/>\n<p class=\"\" data-start=\"1638\" data-end=\"1932\">\u2705 <strong data-start=\"1640\" data-end=\"1697\">R\u00e9plica Suiza 1:1 \u2013 M\u00e1xima Fidelidad Visual y T\u00e9cnica<\/strong><br \/>\nEsta r\u00e9plica ofrece el dise\u00f1o m\u00e1s purista de toda la l\u00ednea Royal Oak, con terminaciones cepilladas, bordes pulidos y el patr\u00f3n exacto del dial. El movimiento autom\u00e1tico clonado replica la funci\u00f3n y sensaci\u00f3n del calibre 4302 original.<\/p>\n<hr class=\"\" data-start=\"1934\" data-end=\"1937\" \/>\n<p class=\"\" data-start=\"1939\" data-end=\"1980\">\ud83d\ude9a <strong data-start=\"1942\" data-end=\"1980\">Calidad Total con Servicio Premium<\/strong><\/p>\n<ul data-start=\"1982\" data-end=\"2116\">\n<li class=\"\" data-start=\"1982\" data-end=\"2026\">\n<p class=\"\" data-start=\"1984\" data-end=\"2026\">Env\u00edo nacional e internacional rastreado<\/p>\n<\/li>\n<li class=\"\" data-start=\"2027\" data-end=\"2051\">\n<p class=\"\" data-start=\"2029\" data-end=\"2051\">Garant\u00eda por 30 d\u00edas<\/p>\n<\/li>\n<li class=\"\" data-start=\"2052\" data-end=\"2079\">\n<p class=\"\" data-start=\"2054\" data-end=\"2079\">Soporte 24\/7 en espa\u00f1ol<\/p>\n<\/li>\n<li class=\"\" data-start=\"2080\" data-end=\"2116\">\n<p class=\"\" data-start=\"2082\" data-end=\"2116\">Transacciones seguras y cifradas<\/p>\n<\/li>\n<\/ul>\n<hr class=\"\" data-start=\"2118\" data-end=\"2121\" \/>\n<h3 class=\"\" data-start=\"2123\" data-end=\"2167\">\u00bfPor qu\u00e9 elegir el Royal Oak Acero 41mm?<\/h3>\n<p class=\"\" data-start=\"2168\" data-end=\"2408\">\u2714 El dise\u00f1o m\u00e1s ic\u00f3nico de Audemars Piguet<br data-start=\"2210\" data-end=\"2213\" \/>\u2714 Movimiento autom\u00e1tico funcional y silencioso<br data-start=\"2259\" data-end=\"2262\" \/>\u2714 R\u00e9plica exacta 1:1 con brazalete integrado<br data-start=\"2306\" data-end=\"2309\" \/>\u2714 Acabados de alta gama, fieles al modelo original<br data-start=\"2359\" data-end=\"2362\" \/>\u2714 Ideal para uso profesional o coleccionismo<\/p>\n","protected":false},"excerpt":{"rendered":"<p>Audemars Piguet Royal Oak Acero 41mm \u2013 Ref. 15500ST | Reloj de Lujo R\u00e9plica Suiza 1:1 con Esfera Negra y Brazalete Integrado El Royal Oak 15500ST en acero completo es el modelo por excelencia de Audemars Piguet. Su caja octagonal, tornillos hexagonales y esfera negra con patr\u00f3n \u00abGrande Tapisserie\u00bb lo convierten en una obra de [&hellip;]<\/p>\n","protected":false},"featured_media":5005,"template":"","meta":{"_acf_changed":false,"om_disable_all_campaigns":false,"_uag_custom_page_level_css":"","_monsterinsights_skip_tracking":false,"_monsterinsights_sitenote_active":false,"_monsterinsights_sitenote_note":"","_monsterinsights_sitenote_category":0,"site-sidebar-layout":"default","site-content-layout":"","ast-site-content-layout":"default","site-content-style":"default","site-sidebar-style":"default","ast-global-header-display":"","ast-banner-title-visibility":"","ast-main-header-display":"","ast-hfb-above-header-display":"","ast-hfb-below-header-display":"","ast-hfb-mobile-header-display":"","site-post-title":"","ast-breadcrumbs-content":"","ast-featured-img":"","footer-sml-layout":"","ast-disable-related-posts":"","theme-transparent-header-meta":"default","adv-header-id-meta":"","stick-header-meta":"","header-above-stick-meta":"","header-main-stick-meta":"","header-below-stick-meta":"","astra-migrate-meta-layouts":"set","ast-page-background-enabled":"default","ast-page-background-meta":{"desktop":{"background-color":"var(--ast-global-color-4)","background-image":"","background-repeat":"repeat","background-position":"center center","background-size":"auto","background-attachment":"scroll","background-type":"","background-media":"","overlay-type":"","overlay-color":"","overlay-opacity":"","overlay-gradient":""},"tablet":{"background-color":"","background-image":"","background-repeat":"repeat","background-position":"center center","background-size":"auto","background-attachment":"scroll","background-type":"","background-media":"","overlay-type":"","overlay-color":"","overlay-opacity":"","overlay-gradient":""},"mobile":{"background-color":"","background-image":"","background-repeat":"repeat","background-position":"center center","background-size":"auto","background-attachment":"scroll","background-type":"","background-media":"","overlay-type":"","overlay-color":"","overlay-opacity":"","overlay-gradient":""}},"ast-content-background-meta":{"desktop":{"background-color":"var(--ast-global-color-5)","background-image":"","background-repeat":"repeat","background-position":"center center","background-size":"auto","background-attachment":"scroll","background-type":"","background-media":"","overlay-type":"","overlay-color":"","overlay-opacity":"","overlay-gradient":""},"tablet":{"background-color":"var(--ast-global-color-5)","background-image":"","background-repeat":"repeat","background-position":"center center","background-size":"auto","background-attachment":"scroll","background-type":"","background-media":"","overlay-type":"","overlay-color":"","overlay-opacity":"","overlay-gradient":""},"mobile":{"background-color":"var(--ast-global-color-5)","background-image":"","background-repeat":"repeat","background-position":"center center","background-size":"auto","background-attachment":"scroll","background-type":"","background-media":"","overlay-type":"","overlay-color":"","overlay-opacity":"","overlay-gradient":""}}},"product_brand":[],"product_cat":[35],"product_tag":[74,78],"class_list":{"0":"post-5004","1":"product","2":"type-product","3":"status-publish","4":"has-post-thumbnail","6":"product_cat-audemars-piguet","7":"product_tag-audemars-piguet","8":"product_tag-audemars-piguet-royal-oak-acero-41mm-ref-15500st","9":"desktop-align-left","10":"tablet-align-left","11":"mobile-align-left","13":"first","14":"instock","15":"shipping-taxable","16":"purchasable","17":"product-type-variable"},"acf":[],"aioseo_notices":[],"uagb_featured_image_src":{"full":["https:\/\/clonsuizo.es\/wp-content\/uploads\/2025\/05\/Rolex-GMT-Master-II-gold-jubilee-2025-05-05T014816.869.png",1030,1030,false],"thumbnail":["https:\/\/clonsuizo.es\/wp-content\/uploads\/2025\/05\/Rolex-GMT-Master-II-gold-jubilee-2025-05-05T014816.869-150x150.png",150,150,true],"medium":["https:\/\/clonsuizo.es\/wp-content\/uploads\/2025\/05\/Rolex-GMT-Master-II-gold-jubilee-2025-05-05T014816.869-300x300.png",300,300,true],"medium_large":["https:\/\/clonsuizo.es\/wp-content\/uploads\/2025\/05\/Rolex-GMT-Master-II-gold-jubilee-2025-05-05T014816.869-768x768.png",768,768,true],"large":["https:\/\/clonsuizo.es\/wp-content\/uploads\/2025\/05\/Rolex-GMT-Master-II-gold-jubilee-2025-05-05T014816.869-1024x1024.png",1024,1024,true],"1536x1536":["https:\/\/clonsuizo.es\/wp-content\/uploads\/2025\/05\/Rolex-GMT-Master-II-gold-jubilee-2025-05-05T014816.869.png",1030,1030,false],"2048x2048":["https:\/\/clonsuizo.es\/wp-content\/uploads\/2025\/05\/Rolex-GMT-Master-II-gold-jubilee-2025-05-05T014816.869.png",1030,1030,false],"mailpoet_newsletter_max":["https:\/\/clonsuizo.es\/wp-content\/uploads\/2025\/05\/Rolex-GMT-Master-II-gold-jubilee-2025-05-05T014816.869.png",1030,1030,false],"woocommerce_thumbnail":["https:\/\/clonsuizo.es\/wp-content\/uploads\/2025\/05\/Rolex-GMT-Master-II-gold-jubilee-2025-05-05T014816.869-420x420.png",420,420,true],"woocommerce_single":["https:\/\/clonsuizo.es\/wp-content\/uploads\/2025\/05\/Rolex-GMT-Master-II-gold-jubilee-2025-05-05T014816.869-380x380.png",380,380,true],"woocommerce_gallery_thumbnail":["https:\/\/clonsuizo.es\/wp-content\/uploads\/2025\/05\/Rolex-GMT-Master-II-gold-jubilee-2025-05-05T014816.869-100x100.png",100,100,true],"variation_swatches_image_size":["https:\/\/clonsuizo.es\/wp-content\/uploads\/2025\/05\/Rolex-GMT-Master-II-gold-jubilee-2025-05-05T014816.869-50x50.png",50,50,true],"variation_swatches_tooltip_size":["https:\/\/clonsuizo.es\/wp-content\/uploads\/2025\/05\/Rolex-GMT-Master-II-gold-jubilee-2025-05-05T014816.869-100x100.png",100,100,true]},"uagb_author_info":{"display_name":"Jose SoGay","author_link":"https:\/\/clonsuizo.es\/?author=0"},"uagb_comment_info":0,"uagb_excerpt":"Audemars Piguet Royal Oak Acero 41mm \u2013 Ref. 15500ST | Reloj de Lujo R\u00e9plica Suiza 1:1 con Esfera Negra y Brazalete Integrado El Royal Oak 15500ST en acero completo es el modelo por excelencia de Audemars Piguet. Su caja octagonal, tornillos hexagonales y esfera negra con patr\u00f3n \u00abGrande Tapisserie\u00bb lo convierten en una obra de&hellip;","_links":{"self":[{"href":"https:\/\/clonsuizo.es\/index.php?rest_route=\/wp\/v2\/product\/5004"}],"collection":[{"href":"https:\/\/clonsuizo.es\/index.php?rest_route=\/wp\/v2\/product"}],"about":[{"href":"https:\/\/clonsuizo.es\/index.php?rest_route=\/wp\/v2\/types\/product"}],"version-history":[{"count":4,"href":"https:\/\/clonsuizo.es\/index.php?rest_route=\/wp\/v2\/product\/5004\/revisions"}],"predecessor-version":[{"id":5291,"href":"https:\/\/clonsuizo.es\/index.php?rest_route=\/wp\/v2\/product\/5004\/revisions\/5291"}],"wp:featuredmedia":[{"embeddable":true,"href":"https:\/\/clonsuizo.es\/index.php?rest_route=\/wp\/v2\/media\/5005"}],"wp:attachment":[{"href":"https:\/\/clonsuizo.es\/index.php?rest_route=%2Fwp%2Fv2%2Fmedia&parent=5004"}],"wp:term":[{"taxonomy":"product_brand","embeddable":true,"href":"https:\/\/clonsuizo.es\/index.php?rest_route=%2Fwp%2Fv2%2Fproduct_brand&post=5004"},{"taxonomy":"product_cat","embeddable":true,"href":"https:\/\/clonsuizo.es\/index.php?rest_route=%2Fwp%2Fv2%2Fproduct_cat&post=5004"},{"taxonomy":"product_tag","embeddable":true,"href":"https:\/\/clonsuizo.es\/index.php?rest_route=%2Fwp%2Fv2%2Fproduct_tag&post=5004"}],"curies":[{"name":"wp","href":"https:\/\/api.w.org\/{rel}","templated":true}]}}